{"id":623,"date":"2025-12-29T18:41:17","date_gmt":"2025-12-29T21:41:17","guid":{"rendered":"https:\/\/badroomstudio.com\/?page_id=623"},"modified":"2026-01-03T14:24:16","modified_gmt":"2026-01-03T17:24:16","slug":"support-us","status":"publish","type":"page","link":"https:\/\/badroomstudio.com\/pt\/support-us\/","title":{"rendered":"Support Us"},"content":{"rendered":"<section class=\"bde-section-623-102 bde-section\">\n              \n  \n  \n\t\n\n  <div class=\"section-background-overlay\"><\/div>\n\n\n        <div class=\"section-shape-divider-wrapper section-shape-divider-wrapper--1\">\n          <span class=\"section-shape-divider\">\n                      <svg\n                xmlns=\"http:\/\/www.w3.org\/2000\/svg\"\n                viewbox=\"0 0 1440 320\"\n                preserveaspectratio=\"none\"\n            >\n              <path fill=\"currentColor\" fill-opacity=\"1\" d=\"M0,288L1440,0L1440,320L0,320Z\"><\/path>\n            <\/svg>\n                    <\/span>\n      <\/div>\n  <div class=\"section-container\"><div class=\"bde-breadcrumbs-623-103 bde-breadcrumbs\"><span><span><a href=\"https:\/\/badroomstudio.com\/pt\/\">In\u00edcio<\/a><\/span><\/span><\/div><h1 class=\"bde-heading-623-104 bde-heading\">\nSupport Us\n<\/h1><\/div>\n<\/section><section class=\"bde-section-623-100 bde-section\">\n  \n  \n\t\n\n\n\n<div class=\"section-container\"><p class=\"bde-text-623-101 bde-text\">\nBad Room Studio is an independent Brazilian developer fueled by passion, but the reality of making games in Brazil is a constant uphill battle. As a self-funded studio, we operate without external investment, which means we face the monumental task of creating high-quality experiences with a fluctuating and near-zero budget.<br><br>To keep our studio standing, we rely entirely on the generosity of our community through crowdfunding on Patreon and Catarse, as well as the support of partner companies who believe in our vision.<br><br>The Reality of Indie Development Developing a game with virtually no budget isn't just about cutting costs; it\u2019s about a sacrifice of time and energy. Our team members balance full-time \"day jobs\" to pay the bills, dedicating every ounce of their spare time, late nights, and weekends to game development. This means our progress is powered by pure creativity and the dream of seeing our stories come to life, despite the financial hurdles. Every line of code and every piece of art is a labor of love funded by our own sweat and the coins gathered from our supporters.<br><br>Join Our Journey We are building something special, but we can\u2019t do it alone. If you believe in independent gaming and want to see more Brazilian stories in the world, consider supporting us:\n<\/p><div class=\"bde-div-623-109 bde-div\">\n  \n  \n\t\n\n\n\n<div class=\"bde-icon-box-623-107 bde-icon-box\">\n\n    \n            <div class=\"ee-iconbox-icon breakdance-icon-atom\" >\n    \n                    <svg xmlns=\"http:\/\/www.w3.org\/2000\/svg\" viewbox=\"0 0 640 512\"><!--! Font Awesome Free 6.5.1 by @fontawesome - https:\/\/fontawesome.com License - https:\/\/fontawesome.com\/license\/free (Icons: CC BY 4.0, Fonts: SIL OFL 1.1, Code: MIT License) Copyright 2023 Fonticons, Inc. --><path d=\"M144 0c-13.3 0-24 10.7-24 24V142.1L97 119c-9.4-9.4-24.6-9.4-33.9 0s-9.4 24.6 0 33.9l64 64c9.4 9.4 24.6 9.4 33.9 0l64-64c9.4-9.4 9.4-24.6 0-33.9s-24.6-9.4-33.9 0l-23 23V24c0-13.3-10.7-24-24-24zM360 200a40 40 0 1 0 -80 0 40 40 0 1 0 80 0zM184 296a40 40 0 1 0 -80 0 40 40 0 1 0 80 0zm312 40a40 40 0 1 0 0-80 40 40 0 1 0 0 80zM200 441.5l26.9 49.9c6.3 11.7 20.8 16 32.5 9.8s16-20.8 9.8-32.5l-36.3-67.5c1.7-1.7 3.2-3.6 4.3-5.8L264 345.5V400c0 17.7 14.3 32 32 32h48c17.7 0 32-14.3 32-32V345.5l26.9 49.9c1.2 2.2 2.6 4.1 4.3 5.8l-36.3 67.5c-6.3 11.7-1.9 26.2 9.8 32.5s26.2 1.9 32.5-9.8L440 441.5V480c0 17.7 14.3 32 32 32h48c17.7 0 32-14.3 32-32V441.5l26.9 49.9c6.3 11.7 20.8 16 32.5 9.8s16-20.8 9.8-32.5l-37.9-70.3c-15.3-28.5-45.1-46.3-77.5-46.3H486.2c-16.3 0-31.9 4.5-45.4 12.6l-33.6-62.3c-15.3-28.5-45.1-46.3-77.5-46.3H310.2c-32.4 0-62.1 17.8-77.5 46.3l-33.6 62.3c-13.5-8.1-29.1-12.6-45.4-12.6H134.2c-32.4 0-62.1 17.8-77.5 46.3L18.9 468.6c-6.3 11.7-1.9 26.2 9.8 32.5s26.2 1.9 32.5-9.8L88 441.5V480c0 17.7 14.3 32 32 32h48c17.7 0 32-14.3 32-32V441.5zM415 153l64 64c9.4 9.4 24.6 9.4 33.9 0l64-64c9.4-9.4 9.4-24.6 0-33.9s-24.6-9.4-33.9 0l-23 23V24c0-13.3-10.7-24-24-24s-24 10.7-24 24V142.1l-23-23c-9.4-9.4-24.6-9.4-33.9 0s-9.4 24.6 0 33.9z\"\/><\/svg>\n        \n        \n        \n            <\/div>\n    \n\n<div class=\"ee-iconbox-content\">\n      <h2 class=\"ee-iconbox-title bde-h3\" >Become a Backer on Patreon<\/h2>\n        <div class=\"ee-iconbox-text\" >Join our community on Patreon (Payments in Dollars and Euros) to get exclusive updates and help fund our monthly operations.<\/div>\n                \n    \n    \n    \n    \n            \n                    \n            \n            \n\n    \n    \n    \n    \n    \n    <a class=\"breakdance-link button-atom button-atom--primary ee-iconbox-button\" href=\"https:\/\/www.patreon.com\/badroomstudio\" target=\"_blank\" data-type=\"url\"  >\n\n    \n        <span class=\"button-atom__text\">Learn More<\/span>\n\n        \n        \n                <\/a>\n\n    \n\n  <\/div>\n\n<\/div><div class=\"bde-icon-box-623-110 bde-icon-box\">\n\n    \n            <div class=\"ee-iconbox-icon breakdance-icon-atom\" >\n    \n                    <svg xmlns=\"http:\/\/www.w3.org\/2000\/svg\" viewbox=\"0 0 640 512\"><!--! Font Awesome Free 6.5.1 by @fontawesome - https:\/\/fontawesome.com License - https:\/\/fontawesome.com\/license\/free (Icons: CC BY 4.0, Fonts: SIL OFL 1.1, Code: MIT License) Copyright 2023 Fonticons, Inc. --><path d=\"M144 0c-13.3 0-24 10.7-24 24V142.1L97 119c-9.4-9.4-24.6-9.4-33.9 0s-9.4 24.6 0 33.9l64 64c9.4 9.4 24.6 9.4 33.9 0l64-64c9.4-9.4 9.4-24.6 0-33.9s-24.6-9.4-33.9 0l-23 23V24c0-13.3-10.7-24-24-24zM360 200a40 40 0 1 0 -80 0 40 40 0 1 0 80 0zM184 296a40 40 0 1 0 -80 0 40 40 0 1 0 80 0zm312 40a40 40 0 1 0 0-80 40 40 0 1 0 0 80zM200 441.5l26.9 49.9c6.3 11.7 20.8 16 32.5 9.8s16-20.8 9.8-32.5l-36.3-67.5c1.7-1.7 3.2-3.6 4.3-5.8L264 345.5V400c0 17.7 14.3 32 32 32h48c17.7 0 32-14.3 32-32V345.5l26.9 49.9c1.2 2.2 2.6 4.1 4.3 5.8l-36.3 67.5c-6.3 11.7-1.9 26.2 9.8 32.5s26.2 1.9 32.5-9.8L440 441.5V480c0 17.7 14.3 32 32 32h48c17.7 0 32-14.3 32-32V441.5l26.9 49.9c6.3 11.7 20.8 16 32.5 9.8s16-20.8 9.8-32.5l-37.9-70.3c-15.3-28.5-45.1-46.3-77.5-46.3H486.2c-16.3 0-31.9 4.5-45.4 12.6l-33.6-62.3c-15.3-28.5-45.1-46.3-77.5-46.3H310.2c-32.4 0-62.1 17.8-77.5 46.3l-33.6 62.3c-13.5-8.1-29.1-12.6-45.4-12.6H134.2c-32.4 0-62.1 17.8-77.5 46.3L18.9 468.6c-6.3 11.7-1.9 26.2 9.8 32.5s26.2 1.9 32.5-9.8L88 441.5V480c0 17.7 14.3 32 32 32h48c17.7 0 32-14.3 32-32V441.5zM415 153l64 64c9.4 9.4 24.6 9.4 33.9 0l64-64c9.4-9.4 9.4-24.6 0-33.9s-24.6-9.4-33.9 0l-23 23V24c0-13.3-10.7-24-24-24s-24 10.7-24 24V142.1l-23-23c-9.4-9.4-24.6-9.4-33.9 0s-9.4 24.6 0 33.9z\"\/><\/svg>\n        \n        \n        \n            <\/div>\n    \n\n<div class=\"ee-iconbox-content\">\n      <h2 class=\"ee-iconbox-title bde-h3\" >Become a Backer on Catarse<\/h2>\n        <div class=\"ee-iconbox-text\" >Join our community on Catarse (Payments in Brazilian Reais) to get exclusive updates and help fund our monthly operations.<\/div>\n                \n    \n    \n    \n    \n            \n                    \n            \n            \n\n    \n    \n    \n    \n    \n    <a class=\"breakdance-link button-atom button-atom--primary ee-iconbox-button\" href=\"https:\/\/www.catarse.me\/badroomstudio\" target=\"_blank\" data-type=\"url\"  >\n\n    \n        <span class=\"button-atom__text\">Learn More<\/span>\n\n        \n        \n                <\/a>\n\n    \n\n  <\/div>\n\n<\/div><div class=\"bde-icon-box-623-108 bde-icon-box\">\n\n    \n            <div class=\"ee-iconbox-icon breakdance-icon-atom\" >\n    \n                    <svg xmlns=\"http:\/\/www.w3.org\/2000\/svg\" viewbox=\"0 0 640 512\"><!--! Font Awesome Free 6.5.1 by @fontawesome - https:\/\/fontawesome.com License - https:\/\/fontawesome.com\/license\/free (Icons: CC BY 4.0, Fonts: SIL OFL 1.1, Code: MIT License) Copyright 2023 Fonticons, Inc. --><path d=\"M184 48H328c4.4 0 8 3.6 8 8V96H176V56c0-4.4 3.6-8 8-8zm-56 8V96H64C28.7 96 0 124.7 0 160v96H192 352h8.2c32.3-39.1 81.1-64 135.8-64c5.4 0 10.7 .2 16 .7V160c0-35.3-28.7-64-64-64H384V56c0-30.9-25.1-56-56-56H184c-30.9 0-56 25.1-56 56zM320 352H224c-17.7 0-32-14.3-32-32V288H0V416c0 35.3 28.7 64 64 64H360.2C335.1 449.6 320 410.5 320 368c0-5.4 .2-10.7 .7-16l-.7 0zm320 16a144 144 0 1 0 -288 0 144 144 0 1 0 288 0zM496 288c8.8 0 16 7.2 16 16v48h32c8.8 0 16 7.2 16 16s-7.2 16-16 16H496c-8.8 0-16-7.2-16-16V304c0-8.8 7.2-16 16-16z\"\/><\/svg>\n        \n        \n        \n            <\/div>\n    \n\n<div class=\"ee-iconbox-content\">\n      <h2 class=\"ee-iconbox-title bde-h3\" >Partnerships & Investment<\/h2>\n        <div class=\"ee-iconbox-text\" >If you represent a company or are an investor looking to help us scale our vision and reach new heights, we would love to talk.<\/div>\n                \n    \n    \n    \n    \n            \n                    \n            \n            \n\n    \n    \n    \n    \n    \n    <a class=\"breakdance-link button-atom button-atom--primary ee-iconbox-button\" href=\"mailto:contact@badroomstudio.com\" target=\"_self\" data-type=\"url\"  >\n\n    \n        <span class=\"button-atom__text\">Contact us<\/span>\n\n        \n        \n                <\/a>\n\n    \n\n  <\/div>\n\n<\/div>\n<\/div><p class=\"bde-text-623-106 bde-text\">\nContact us directly to discuss how we can work together. Let\u2019s build the future of Brazilian games, one pixel at a time.\n<\/p><div class=\"bde-button-623-111 bde-button\">\n        \n    \n    \n    \n    \n            \n                    \n            \n            \n\n    \n    \n    \n    \n    \n    <a class=\"breakdance-link button-atom button-atom--custom button-atom--preset-943d289a-302e-4939-82b3-ea957b5e36c2 bde-button__button\" href=\"\/pt\/about\/\" target=\"_self\" data-type=\"url\"  >\n\n    \n        <span class=\"button-atom__text\">Get to know our studio and team here<\/span>\n\n        \n        \n                <\/a>\n\n    \n\n\n<\/div><div class=\"bde-div-623-112 bde-div\">\n  \n  \n\t\n\n\n\n<div class=\"bde-text-623-113 bde-text\">\nShare\n<\/div><div class=\"bde-social-share-buttons-623-114 bde-social-share-buttons\">\n<div class=\"bde-social-share-button bde-social-share-button-mobile js-breakdance-share-mobile\">\n  <span class=\"bde-social-share-button-icon\">\n    <svg fill=\"none\" xmlns=\"http:\/\/www.w3.org\/2000\/svg\" viewbox=\"0 0 16 16\">\n      <path d=\"M11 2.5a2.5 2.5 0 1 1 .603 1.628l-6.718 3.12c.154.49.154 1.015 0 1.504l6.718 3.12a2.5 2.5 0 1 1-.488.876l-6.718-3.12a2.5 2.5 0 1 1 0-3.256l6.718-3.12A2.504 2.504 0 0 1 11 2.5Z\" fill=\"currentColor\"\/>\n    <\/svg>\n  <\/span>\n  <\/div>\n\n<div class=\"js-breakdance-share-button bde-social-share-button bde-social-share-button-facebook\" data-network=\"Facebook\"  >\n    <span class=\"bde-social-share-button-icon\">\n        <svg aria-hidden=\"true\" focusable=\"false\" data-prefix=\"fab\" class=\"svg-inline--fa fa-facebook fa-w-16\" role=\"img\" fill=\"none\" xmlns=\"http:\/\/www.w3.org\/2000\/svg\" viewbox=\"0 0 800 800\">\n      <path d=\"M768 0H32C14.3 0 0 14.3 0 32v736c0 17.7 14.3 32 32 32h736c17.7 0 32-14.3 32-32V32c0-17.7-14.3-32-32-32Zm-92.4 233.5h-63.9c-50.1 0-59.8 23.8-59.8 58.8v77.1h119.6l-15.6 120.7h-104V800H427.2V490.2H322.9V369.4h104.3v-89c0-103.3 63.1-159.6 155.3-159.6 44.2 0 82.1 3.3 93.2 4.8v107.9h-.1Z\" fill=\"currentColor\"\/>\n    <\/svg>\n      <\/span>\n    <\/div>\n<div class=\"js-breakdance-share-button bde-social-share-button bde-social-share-button-twitter\" data-network=\"Twitter\"  >\n    <span class=\"bde-social-share-button-icon\">\n        <svg aria-hidden=\"true\" focusable=\"false\" data-prefix=\"fab\" class=\"svg-inline--fa fa-twitter fa-w-16\" role=\"img\" xmlns=\"http:\/\/www.w3.org\/2000\/svg\" viewbox=\"0 0 512 512\">\n      <path fill=\"currentColor\" d=\"M389.2 48h70.6L305.6 224.2 487 464H345L233.7 318.6 106.5 464H35.8L200.7 275.5 26.8 48H172.4L272.9 180.9 389.2 48zM364.4 421.8h39.1L151.1 88h-42L364.4 421.8z\" \/>\n    <\/svg>\n      <\/span>\n    <\/div>\n<div class=\"js-breakdance-share-button bde-social-share-button bde-social-share-button-linkedin\" data-network=\"LinkedIn\"  >\n    <span class=\"bde-social-share-button-icon\">\n        <svg aria-hidden=\"true\" focusable=\"false\" data-prefix=\"fab\" class=\"svg-inline--fa fa-linkedin fa-w-14\" role=\"img\" xmlns=\"http:\/\/www.w3.org\/2000\/svg\" viewbox=\"0 0 448 512\">\n      <path fill=\"currentColor\" d=\"M416 32H31.9C14.3 32 0 46.5 0 64.3v383.4C0 465.5 14.3 480 31.9 480H416c17.6 0 32-14.5 32-32.3V64.3c0-17.8-14.4-32.3-32-32.3zM135.4 416H69V202.2h66.5V416zm-33.2-243c-21.3 0-38.5-17.3-38.5-38.5S80.9 96 102.2 96c21.2 0 38.5 17.3 38.5 38.5 0 21.3-17.2 38.5-38.5 38.5zm282.1 243h-66.4V312c0-24.8-.5-56.7-34.5-56.7-34.6 0-39.9 27-39.9 54.9V416h-66.4V202.2h63.7v29.2h.9c8.9-16.8 30.6-34.5 62.9-34.5 67.2 0 79.7 44.3 79.7 101.9V416z\"><\/path>\n    <\/svg>\n      <\/span>\n    <\/div>\n<div class=\"js-breakdance-share-button bde-social-share-button bde-social-share-button-whatsapp\" data-network=\"WhatsApp\"  >\n    <span class=\"bde-social-share-button-icon\">\n        <svg aria-hidden=\"true\" focusable=\"false\" data-prefix=\"fab\" class=\"svg-inline--fa fa-whatsapp fa-w-14\" role=\"img\" xmlns=\"http:\/\/www.w3.org\/2000\/svg\" viewbox=\"0 0 448 512\">\n      <path fill=\"currentColor\" d=\"M380.9 97.1C339 55.1 283.2 32 223.9 32c-122.4 0-222 99.6-222 222 0 39.1 10.2 77.3 29.6 111L0 480l117.7-30.9c32.4 17.7 68.9 27 106.1 27h.1c122.3 0 224.1-99.6 224.1-222 0-59.3-25.2-115-67.1-157zm-157 341.6c-33.2 0-65.7-8.9-94-25.7l-6.7-4-69.8 18.3L72 359.2l-4.4-7c-18.5-29.4-28.2-63.3-28.2-98.2 0-101.7 82.8-184.5 184.6-184.5 49.3 0 95.6 19.2 130.4 54.1 34.8 34.9 56.2 81.2 56.1 130.5 0 101.8-84.9 184.6-186.6 184.6zm101.2-138.2c-5.5-2.8-32.8-16.2-37.9-18-5.1-1.9-8.8-2.8-12.5 2.8-3.7 5.6-14.3 18-17.6 21.8-3.2 3.7-6.5 4.2-12 1.4-32.6-16.3-54-29.1-75.5-66-5.7-9.8 5.7-9.1 16.3-30.3 1.8-3.7.9-6.9-.5-9.7-1.4-2.8-12.5-30.1-17.1-41.2-4.5-10.8-9.1-9.3-12.5-9.5-3.2-.2-6.9-.2-10.6-.2-3.7 0-9.7 1.4-14.8 6.9-5.1 5.6-19.4 19-19.4 46.3 0 27.3 19.9 53.7 22.6 57.4 2.8 3.7 39.1 59.7 94.8 83.8 35.2 15.2 49 16.5 66.6 13.9 10.7-1.6 32.8-13.4 37.4-26.4 4.6-13 4.6-24.1 3.2-26.4-1.3-2.5-5-3.9-10.5-6.6z\"><\/path>\n    <\/svg>\n      <\/span>\n    <\/div>\n<div class=\"js-breakdance-share-button bde-social-share-button bde-social-share-button-telegram\" data-network=\"Telegram\"  >\n    <span class=\"bde-social-share-button-icon\">\n        <svg aria-hidden=\"true\" focusable=\"false\" data-prefix=\"fab\" class=\"svg-inline--fa fa-telegram fa-w-16\" role=\"img\" xmlns=\"http:\/\/www.w3.org\/2000\/svg\" viewbox=\"0 0 496 512\">\n      <path fill=\"currentColor\" d=\"M248 8C111 8 0 119 0 256s111 248 248 248 248-111 248-248S385 8 248 8zm121.8 169.9l-40.7 191.8c-3 13.6-11.1 16.9-22.4 10.5l-62-45.7-29.9 28.8c-3.3 3.3-6.1 6.1-12.5 6.1l4.4-63.1 114.9-103.8c5-4.4-1.1-6.9-7.7-2.5l-142 89.4-61.2-19.1c-13.3-4.2-13.6-13.3 2.8-19.7l239.1-92.2c11.1-4 20.8 2.7 17.2 19.5z\"><\/path>\n    <\/svg>\n      <\/span>\n    <\/div>\n<div class=\"js-breakdance-share-button bde-social-share-button bde-social-share-button-email\" data-network=\"Email\"  >\n    <span class=\"bde-social-share-button-icon\">\n        <svg class=\"svg-inline--fa fa-envelope-square fa-w-14\" role=\"img\" fill=\"none\" xmlns=\"http:\/\/www.w3.org\/2000\/svg\" viewbox=\"0 0 20 16\">\n      <path d=\"M18 0H2C.9 0 .01.9.01 2L0 14c0 1.1.9 2 2 2h16c1.1 0 2-.9 2-2V2c0-1.1-.9-2-2-2Zm0 4-8 5-8-5V2l8 5 8-5v2Z\" fill=\"currentColor\"\/>\n    <\/svg>\n      <\/span>\n    <\/div>\n\n<\/div>\n<\/div><\/div>\n<\/section>","protected":false},"excerpt":{"rendered":"<p>Home Support Us Bad Room Studio is an independent Brazilian developer fueled by passion, but the reality of making games in Brazil is a constant uphill battle. As a self-funded studio, we operate without external investment, which means we face the monumental task of creating high-quality experiences with a fluctuating and near-zero budget.To keep our [&hellip;]<\/p>\n","protected":false},"author":1,"featured_media":0,"parent":0,"menu_order":0,"comment_status":"closed","ping_status":"closed","template":"","meta":{"_acf_changed":false,"_oxygen_hide_in_design_set":false,"_oxygen_tags":"","footnotes":""},"class_list":["post-623","page","type-page","status-publish","hentry"],"acf":[],"yoast_head":"<!-- This site is optimized with the Yoast SEO plugin v27.6 - https:\/\/yoast.com\/product\/yoast-seo-wordpress\/ -->\n<title>Support Us &#8212; Bad Room Studio<\/title>\n<meta name=\"description\" content=\"Learn how we operate and find out how you can help us develop more games with financial support.\" \/>\n<meta name=\"robots\" content=\"index, follow, max-snippet:-1, max-image-preview:large, max-video-preview:-1\" \/>\n<link rel=\"canonical\" href=\"https:\/\/badroomstudio.com\/pt\/support-us\/\" \/>\n<meta property=\"og:locale\" content=\"pt_BR\" \/>\n<meta property=\"og:type\" content=\"article\" \/>\n<meta property=\"og:title\" content=\"Support Us &#8212; Bad Room Studio\" \/>\n<meta property=\"og:description\" content=\"Learn how we operate and find out how you can help us develop more games with financial support.\" \/>\n<meta property=\"og:url\" content=\"https:\/\/badroomstudio.com\/pt\/support-us\/\" \/>\n<meta property=\"og:site_name\" content=\"Bad Room Studio\" \/>\n<meta property=\"article:publisher\" content=\"https:\/\/www.facebook.com\/badroomoficial\" \/>\n<meta property=\"article:modified_time\" content=\"2026-01-03T17:24:16+00:00\" \/>\n<meta name=\"twitter:card\" content=\"summary_large_image\" \/>\n<meta name=\"twitter:site\" content=\"@BadRoomOficial\" \/>\n<meta name=\"twitter:label1\" content=\"Est. tempo de leitura\" \/>\n\t<meta name=\"twitter:data1\" content=\"2 minutos\" \/>\n<script type=\"application\/ld+json\" class=\"yoast-schema-graph\">{\"@context\":\"https:\\\/\\\/schema.org\",\"@graph\":[{\"@type\":\"WebPage\",\"@id\":\"https:\\\/\\\/badroomstudio.com\\\/support-us\\\/\",\"url\":\"https:\\\/\\\/badroomstudio.com\\\/support-us\\\/\",\"name\":\"Support Us &#8212; Bad Room Studio\",\"isPartOf\":{\"@id\":\"https:\\\/\\\/badroomstudio.com\\\/#website\"},\"datePublished\":\"2025-12-29T21:41:17+00:00\",\"dateModified\":\"2026-01-03T17:24:16+00:00\",\"description\":\"Learn how we operate and find out how you can help us develop more games with financial support.\",\"breadcrumb\":{\"@id\":\"https:\\\/\\\/badroomstudio.com\\\/support-us\\\/#breadcrumb\"},\"inLanguage\":\"pt-BR\",\"potentialAction\":[{\"@type\":\"ReadAction\",\"target\":[\"https:\\\/\\\/badroomstudio.com\\\/support-us\\\/\"]}]},{\"@type\":\"BreadcrumbList\",\"@id\":\"https:\\\/\\\/badroomstudio.com\\\/support-us\\\/#breadcrumb\",\"itemListElement\":[{\"@type\":\"ListItem\",\"position\":1,\"name\":\"Home\",\"item\":\"https:\\\/\\\/badroomstudio.com\\\/\"},{\"@type\":\"ListItem\",\"position\":2,\"name\":\"Support Us\"}]},{\"@type\":\"WebSite\",\"@id\":\"https:\\\/\\\/badroomstudio.com\\\/#website\",\"url\":\"https:\\\/\\\/badroomstudio.com\\\/\",\"name\":\"Bad Room Studio\",\"description\":\"Bad Room Studio emerges from the search for authenticity and the courage to create entertainment experiences that leave deep marks on the audience&#039;s memory.\",\"publisher\":{\"@id\":\"https:\\\/\\\/badroomstudio.com\\\/#organization\"},\"alternateName\":\"Bad Room\",\"potentialAction\":[{\"@type\":\"SearchAction\",\"target\":{\"@type\":\"EntryPoint\",\"urlTemplate\":\"https:\\\/\\\/badroomstudio.com\\\/?s={search_term_string}\"},\"query-input\":{\"@type\":\"PropertyValueSpecification\",\"valueRequired\":true,\"valueName\":\"search_term_string\"}}],\"inLanguage\":\"pt-BR\"},{\"@type\":\"Organization\",\"@id\":\"https:\\\/\\\/badroomstudio.com\\\/#organization\",\"name\":\"Bad Room Studio\",\"alternateName\":\"Bad Room\",\"url\":\"https:\\\/\\\/badroomstudio.com\\\/\",\"logo\":{\"@type\":\"ImageObject\",\"inLanguage\":\"pt-BR\",\"@id\":\"https:\\\/\\\/badroomstudio.com\\\/#\\\/schema\\\/logo\\\/image\\\/\",\"url\":\"https:\\\/\\\/badroomstudio.com\\\/wp-content\\\/uploads\\\/2025\\\/12\\\/cropped-favicon_100x100-1.png\",\"contentUrl\":\"https:\\\/\\\/badroomstudio.com\\\/wp-content\\\/uploads\\\/2025\\\/12\\\/cropped-favicon_100x100-1.png\",\"width\":512,\"height\":512,\"caption\":\"Bad Room Studio\"},\"image\":{\"@id\":\"https:\\\/\\\/badroomstudio.com\\\/#\\\/schema\\\/logo\\\/image\\\/\"},\"sameAs\":[\"https:\\\/\\\/www.facebook.com\\\/badroomoficial\",\"https:\\\/\\\/x.com\\\/BadRoomOficial\",\"https:\\\/\\\/www.instagram.com\\\/badroomoficial\\\/\",\"https:\\\/\\\/www.linkedin.com\\\/company\\\/badroomoficial\\\/\",\"https:\\\/\\\/www.youtube.com\\\/@BadRoomStudioOficial\"]}]}<\/script>\n<!-- \/ Yoast SEO plugin. -->","yoast_head_json":{"title":"Support Us &#8212; Bad Room Studio","description":"Learn how we operate and find out how you can help us develop more games with financial support.","robots":{"index":"index","follow":"follow","max-snippet":"max-snippet:-1","max-image-preview":"max-image-preview:large","max-video-preview":"max-video-preview:-1"},"canonical":"https:\/\/badroomstudio.com\/pt\/support-us\/","og_locale":"pt_BR","og_type":"article","og_title":"Support Us &#8212; Bad Room Studio","og_description":"Learn how we operate and find out how you can help us develop more games with financial support.","og_url":"https:\/\/badroomstudio.com\/pt\/support-us\/","og_site_name":"Bad Room Studio","article_publisher":"https:\/\/www.facebook.com\/badroomoficial","article_modified_time":"2026-01-03T17:24:16+00:00","twitter_card":"summary_large_image","twitter_site":"@BadRoomOficial","twitter_misc":{"Est. tempo de leitura":"2 minutos"},"schema":{"@context":"https:\/\/schema.org","@graph":[{"@type":"WebPage","@id":"https:\/\/badroomstudio.com\/support-us\/","url":"https:\/\/badroomstudio.com\/support-us\/","name":"Support Us &#8212; Bad Room Studio","isPartOf":{"@id":"https:\/\/badroomstudio.com\/#website"},"datePublished":"2025-12-29T21:41:17+00:00","dateModified":"2026-01-03T17:24:16+00:00","description":"Learn how we operate and find out how you can help us develop more games with financial support.","breadcrumb":{"@id":"https:\/\/badroomstudio.com\/support-us\/#breadcrumb"},"inLanguage":"pt-BR","potentialAction":[{"@type":"ReadAction","target":["https:\/\/badroomstudio.com\/support-us\/"]}]},{"@type":"BreadcrumbList","@id":"https:\/\/badroomstudio.com\/support-us\/#breadcrumb","itemListElement":[{"@type":"ListItem","position":1,"name":"Home","item":"https:\/\/badroomstudio.com\/"},{"@type":"ListItem","position":2,"name":"Support Us"}]},{"@type":"WebSite","@id":"https:\/\/badroomstudio.com\/#website","url":"https:\/\/badroomstudio.com\/","name":"Est\u00fadio Bad Room","description":"O Bad Room Studio surge da busca pela autenticidade e da coragem de criar experi\u00eancias de entretenimento que deixem marcas profundas na mem\u00f3ria do p\u00fablico.","publisher":{"@id":"https:\/\/badroomstudio.com\/#organization"},"alternateName":"Bad Room","potentialAction":[{"@type":"SearchAction","target":{"@type":"EntryPoint","urlTemplate":"https:\/\/badroomstudio.com\/?s={search_term_string}"},"query-input":{"@type":"PropertyValueSpecification","valueRequired":true,"valueName":"search_term_string"}}],"inLanguage":"pt-BR"},{"@type":"Organization","@id":"https:\/\/badroomstudio.com\/#organization","name":"Est\u00fadio Bad Room","alternateName":"Bad Room","url":"https:\/\/badroomstudio.com\/","logo":{"@type":"ImageObject","inLanguage":"pt-BR","@id":"https:\/\/badroomstudio.com\/#\/schema\/logo\/image\/","url":"https:\/\/badroomstudio.com\/wp-content\/uploads\/2025\/12\/cropped-favicon_100x100-1.png","contentUrl":"https:\/\/badroomstudio.com\/wp-content\/uploads\/2025\/12\/cropped-favicon_100x100-1.png","width":512,"height":512,"caption":"Bad Room Studio"},"image":{"@id":"https:\/\/badroomstudio.com\/#\/schema\/logo\/image\/"},"sameAs":["https:\/\/www.facebook.com\/badroomoficial","https:\/\/x.com\/BadRoomOficial","https:\/\/www.instagram.com\/badroomoficial\/","https:\/\/www.linkedin.com\/company\/badroomoficial\/","https:\/\/www.youtube.com\/@BadRoomStudioOficial"]}]}},"_links":{"self":[{"href":"https:\/\/badroomstudio.com\/pt\/wp-json\/wp\/v2\/pages\/623","targetHints":{"allow":["GET"]}}],"collection":[{"href":"https:\/\/badroomstudio.com\/pt\/wp-json\/wp\/v2\/pages"}],"about":[{"href":"https:\/\/badroomstudio.com\/pt\/wp-json\/wp\/v2\/types\/page"}],"author":[{"embeddable":true,"href":"https:\/\/badroomstudio.com\/pt\/wp-json\/wp\/v2\/users\/1"}],"replies":[{"embeddable":true,"href":"https:\/\/badroomstudio.com\/pt\/wp-json\/wp\/v2\/comments?post=623"}],"version-history":[{"count":12,"href":"https:\/\/badroomstudio.com\/pt\/wp-json\/wp\/v2\/pages\/623\/revisions"}],"predecessor-version":[{"id":834,"href":"https:\/\/badroomstudio.com\/pt\/wp-json\/wp\/v2\/pages\/623\/revisions\/834"}],"wp:attachment":[{"href":"https:\/\/badroomstudio.com\/pt\/wp-json\/wp\/v2\/media?parent=623"}],"curies":[{"name":"wp","href":"https:\/\/api.w.org\/{rel}","templated":true}]}}