{"id":606,"date":"2025-12-29T17:18:08","date_gmt":"2025-12-29T20:18:08","guid":{"rendered":"https:\/\/badroomstudio.com\/?page_id=606"},"modified":"2026-01-03T14:27:24","modified_gmt":"2026-01-03T17:27:24","slug":"contact","status":"publish","type":"page","link":"https:\/\/badroomstudio.com\/pt\/contact\/","title":{"rendered":"Contato"},"content":{"rendered":"<section class=\"bde-section-606-101 bde-section\">\n              \n  \n  \n\t\n\n  <div class=\"section-background-overlay\"><\/div>\n\n\n        <div class=\"section-shape-divider-wrapper section-shape-divider-wrapper--1\">\n          <span class=\"section-shape-divider\">\n                      <svg\n                xmlns=\"http:\/\/www.w3.org\/2000\/svg\"\n                viewBox=\"0 0 1440 320\"\n                preserveAspectRatio=\"none\"\n            >\n              <path fill=\"currentColor\" fill-opacity=\"1\" d=\"M0,288L1440,0L1440,320L0,320Z\"><\/path>\n            <\/svg>\n                    <\/span>\n      <\/div>\n  <div class=\"section-container\"><div class=\"bde-breadcrumbs-606-102 bde-breadcrumbs\"><span><span><a href=\"https:\/\/badroomstudio.com\/\">Home<\/a><\/span><\/span><\/div><h1 class=\"bde-heading-606-103 bde-heading\">\nContact\n<\/h1><\/div>\n<\/section><section class=\"bde-section-606-100 bde-section\">\n  \n  \n\t\n\n\n\n<div class=\"section-container\"><div class=\"bde-columns-606-104 bde-columns\"><div class=\"bde-column-606-105 bde-column\">\n  \n  \n\t\n\n\n\n<p class=\"bde-text-606-108 bde-text\">\nHere you can send a question, feedback, suggestion, or any problem you may have. If you prefer, you can use our email below or contact us through social media.\n<\/p><div class=\"bde-div-606-109 bde-div\">\n  \n  \n\t\n\n\n\n<div class=\"bde-icon-606-110 bde-icon\">\n\n    \n            <div class=\"bde-icon-icon breakdance-icon-atom\" >\n    \n                    <svg xmlns=\"http:\/\/www.w3.org\/2000\/svg\" id=\"icon-mail4\" viewBox=\"0 0 32 32\">\n<path d=\"M16 0c-8.837 0-16 7.163-16 16s7.163 16 16 16 16-7.163 16-16-7.163-16-16-16zM8 8h16c0.286 0 0.563 0.061 0.817 0.177l-8.817 10.286-8.817-10.287c0.254-0.116 0.531-0.177 0.817-0.177zM6 22v-12c0-0.042 0.002-0.084 0.004-0.125l5.864 6.842-5.8 5.8c-0.045-0.167-0.069-0.34-0.069-0.517zM24 24h-16c-0.177 0-0.35-0.024-0.517-0.069l5.691-5.691 2.826 3.297 2.826-3.297 5.691 5.691c-0.167 0.045-0.34 0.069-0.517 0.069zM26 22c0 0.177-0.024 0.35-0.069 0.517l-5.8-5.8 5.865-6.842c0.003 0.041 0.004 0.083 0.004 0.125v12z\"\/>\n<\/svg>\n        \n        \n        \n            <\/div>\n    \n\n\n<\/div><p class=\"oxy-text-606-111 oxy-text\">\ncontact@badroomstudio.com\n<\/p>\n<\/div><div class=\"bde-div-606-114 bde-div\">\n  \n  \n\t\n\n\n\n<h2 class=\"bde-heading-606-115 bde-heading\">\nOur Social Networks\n<\/h2><div class=\"bde-social-icons-606-112 bde-social-icons\">\n                  \n            \n            \n\n    \n    \n    \n    \n    \n    <a class=\"breakdance-link bde-social-icons__icon-wrapper bde-social-icons__icon-facebook\" href=\"https:\/\/www.facebook.com\/badroomoficial\" target=\"_self\" data-type=\"url\" aria-label=\"Facebook\" >\n\n             <svg xmlns=\"http:\/\/www.w3.org\/2000\/svg\" width=\"100%\" viewBox=\"0 0 24 24\">\n            <path d=\"M9 8h-3v4h3v12h5v-12h3.642l.358-4h-4v-1.667c0-.955.192-1.333 1.115-1.333h2.885v-5h-3.808c-3.596 0-5.192 1.583-5.192 4.615v3.385z\"\/>\n       <\/svg>\n              <\/a>\n\n                    \n            \n            \n\n    \n    \n    \n    \n    \n    <a class=\"breakdance-link bde-social-icons__icon-wrapper bde-social-icons__icon-instagram\" href=\"https:\/\/www.instagram.com\/badroomoficial\/\" target=\"_self\" data-type=\"url\" aria-label=\"Instagram\" >\n\n             <svg xmlns=\"http:\/\/www.w3.org\/2000\/svg\" width=\"100%\" viewBox=\"0 0 24 24\">\n            <path d=\"M12 2.163c3.204 0 3.584.012 4.85.07 3.252.148 4.771 1.691 4.919 4.919.058 1.265.069 1.645.069 4.849 0 3.205-.012 3.584-.069 4.849-.149 3.225-1.664 4.771-4.919 4.919-1.266.058-1.644.07-4.85.07-3.204 0-3.584-.012-4.849-.07-3.26-.149-4.771-1.699-4.919-4.92-.058-1.265-.07-1.644-.07-4.849 0-3.204.013-3.583.07-4.849.149-3.227 1.664-4.771 4.919-4.919 1.266-.057 1.645-.069 4.849-.069zm0-2.163c-3.259 0-3.667.014-4.947.072-4.358.2-6.78 2.618-6.98 6.98-.059 1.281-.073 1.689-.073 4.948 0 3.259.014 3.668.072 4.948.2 4.358 2.618 6.78 6.98 6.98 1.281.058 1.689.072 4.948.072 3.259 0 3.668-.014 4.948-.072 4.354-.2 6.782-2.618 6.979-6.98.059-1.28.073-1.689.073-4.948 0-3.259-.014-3.667-.072-4.947-.196-4.354-2.617-6.78-6.979-6.98-1.281-.059-1.69-.073-4.949-.073zm0 5.838c-3.403 0-6.162 2.759-6.162 6.162s2.759 6.163 6.162 6.163 6.162-2.759 6.162-6.163c0-3.403-2.759-6.162-6.162-6.162zm0 10.162c-2.209 0-4-1.79-4-4 0-2.209 1.791-4 4-4s4 1.791 4 4c0 2.21-1.791 4-4 4zm6.406-11.845c-.796 0-1.441.645-1.441 1.44s.645 1.44 1.441 1.44c.795 0 1.439-.645 1.439-1.44s-.644-1.44-1.439-1.44z\"\/>\n       <\/svg>\n              <\/a>\n\n                    \n            \n            \n\n    \n    \n    \n    \n    \n    <a class=\"breakdance-link bde-social-icons__icon-wrapper bde-social-icons__icon-custom\" href=\"https:\/\/www.threads.com\/@badroomoficial\" target=\"_self\" data-type=\"url\" aria-label=\"custom\" >\n\n                        <svg xmlns=\"http:\/\/www.w3.org\/2000\/svg\" viewBox=\"0 0 448 512\"><!--! Font Awesome Free 6.5.1 by @fontawesome - https:\/\/fontawesome.com License - https:\/\/fontawesome.com\/license\/free (Icons: CC BY 4.0, Fonts: SIL OFL 1.1, Code: MIT License) Copyright 2023 Fonticons, Inc. --><path d=\"M331.5 235.7c2.2 .9 4.2 1.9 6.3 2.8c29.2 14.1 50.6 35.2 61.8 61.4c15.7 36.5 17.2 95.8-30.3 143.2c-36.2 36.2-80.3 52.5-142.6 53h-.3c-70.2-.5-124.1-24.1-160.4-70.2c-32.3-41-48.9-98.1-49.5-169.6V256v-.2C17 184.3 33.6 127.2 65.9 86.2C102.2 40.1 156.2 16.5 226.4 16h.3c70.3 .5 124.9 24 162.3 69.9c18.4 22.7 32 50 40.6 81.7l-40.4 10.8c-7.1-25.8-17.8-47.8-32.2-65.4c-29.2-35.8-73-54.2-130.5-54.6c-57 .5-100.1 18.8-128.2 54.4C72.1 146.1 58.5 194.3 58 256c.5 61.7 14.1 109.9 40.3 143.3c28 35.6 71.2 53.9 128.2 54.4c51.4-.4 85.4-12.6 113.7-40.9c32.3-32.2 31.7-71.8 21.4-95.9c-6.1-14.2-17.1-26-31.9-34.9c-3.7 26.9-11.8 48.3-24.7 64.8c-17.1 21.8-41.4 33.6-72.7 35.3c-23.6 1.3-46.3-4.4-63.9-16c-20.8-13.8-33-34.8-34.3-59.3c-2.5-48.3 35.7-83 95.2-86.4c21.1-1.2 40.9-.3 59.2 2.8c-2.4-14.8-7.3-26.6-14.6-35.2c-10-11.7-25.6-17.7-46.2-17.8H227c-16.6 0-39 4.6-53.3 26.3l-34.4-23.6c19.2-29.1 50.3-45.1 87.8-45.1h.8c62.6 .4 99.9 39.5 103.7 107.7l-.2 .2zm-156 68.8c1.3 25.1 28.4 36.8 54.6 35.3c25.6-1.4 54.6-11.4 59.5-73.2c-13.2-2.9-27.8-4.4-43.4-4.4c-4.8 0-9.6 .1-14.4 .4c-42.9 2.4-57.2 23.2-56.2 41.8l-.1 .1z\"\/><\/svg>\n                      <\/a>\n\n                    \n            \n            \n\n    \n    \n    \n    \n    \n    <a class=\"breakdance-link bde-social-icons__icon-wrapper bde-social-icons__icon-twitter\" href=\"https:\/\/x.com\/BadRoomOficial\" target=\"_self\" data-type=\"url\" aria-label=\"twitter\" >\n\n              <svg xmlns=\"http:\/\/www.w3.org\/2000\/svg\" width=\"100%\" viewBox=\"0 0 512 512\">\n          <path d=\"M389.2 48h70.6L305.6 224.2 487 464H345L233.7 318.6 106.5 464H35.8L200.7 275.5 26.8 48H172.4L272.9 180.9 389.2 48zM364.4 421.8h39.1L151.1 88h-42L364.4 421.8z\" \/>\n        <\/svg>\n              <\/a>\n\n                    \n            \n            \n\n    \n    \n    \n    \n    \n    <a class=\"breakdance-link bde-social-icons__icon-wrapper bde-social-icons__icon-linkedin\" href=\"https:\/\/www.linkedin.com\/company\/badroomoficial\/\" target=\"_self\" data-type=\"url\" aria-label=\"LinkedIn\" >\n\n             <svg xmlns=\"http:\/\/www.w3.org\/2000\/svg\" width=\"100%\" viewBox=\"-4 -2 32 32\">\n            <path d=\"M4.98 3.5c0 1.381-1.11 2.5-2.48 2.5s-2.48-1.119-2.48-2.5c0-1.38 1.11-2.5 2.48-2.5s2.48 1.12 2.48 2.5zm.02 4.5h-5v16h5v-16zm7.982 0h-4.968v16h4.969v-8.399c0-4.67 6.029-5.052 6.029 0v8.399h4.988v-10.131c0-7.88-8.922-7.593-11.018-3.714v-2.155z\"\/>\n       <\/svg>\n              <\/a>\n\n                    \n            \n            \n\n    \n    \n    \n    \n    \n    <a class=\"breakdance-link bde-social-icons__icon-wrapper bde-social-icons__icon-custom\" href=\"https:\/\/www.tiktok.com\/@badroomoficial\" target=\"_self\" data-type=\"url\" aria-label=\"custom\" >\n\n                        <svg xmlns=\"http:\/\/www.w3.org\/2000\/svg\" viewBox=\"0 0 448 512\"><!--! Font Awesome Free 6.5.1 by @fontawesome - https:\/\/fontawesome.com License - https:\/\/fontawesome.com\/license\/free (Icons: CC BY 4.0, Fonts: SIL OFL 1.1, Code: MIT License) Copyright 2023 Fonticons, Inc. --><path d=\"M448,209.91a210.06,210.06,0,0,1-122.77-39.25V349.38A162.55,162.55,0,1,1,185,188.31V278.2a74.62,74.62,0,1,0,52.23,71.18V0l88,0a121.18,121.18,0,0,0,1.86,22.17h0A122.18,122.18,0,0,0,381,102.39a121.43,121.43,0,0,0,67,20.14Z\"\/><\/svg>\n                      <\/a>\n\n                    \n            \n            \n\n    \n    \n    \n    \n    \n    <a class=\"breakdance-link bde-social-icons__icon-wrapper bde-social-icons__icon-youtube\" href=\"https:\/\/www.youtube.com\/@BadRoomStudioOficial\" target=\"_self\" data-type=\"url\" aria-label=\"YouTube\" >\n\n             <svg xmlns=\"http:\/\/www.w3.org\/2000\/svg\" width=\"100%\" viewBox=\"0 0 24 24\">\n            <path d=\"M19.615 3.184c-3.604-.246-11.631-.245-15.23 0-3.897.266-4.356 2.62-4.385 8.816.029 6.185.484 8.549 4.385 8.816 3.6.245 11.626.246 15.23 0 3.897-.266 4.356-2.62 4.385-8.816-.029-6.185-.484-8.549-4.385-8.816zm-10.615 12.816v-8l8 3.993-8 4.007z\"\/>\n       <\/svg>\n              <\/a>\n\n                    \n            \n            \n\n    \n    \n    \n    \n    \n    <a class=\"breakdance-link bde-social-icons__icon-wrapper bde-social-icons__icon-custom\" href=\"https:\/\/www.twitch.tv\/badroomstudio\" target=\"_self\" data-type=\"url\" aria-label=\"custom\" >\n\n                        <svg xmlns=\"http:\/\/www.w3.org\/2000\/svg\" id=\"icon-twitch\" viewBox=\"0 0 32 32\">\n<path d=\"M3 0l-3 5v23h8v4h4l4-4h5l9-9v-19h-27zM26 17l-5 5h-5l-4 4v-4h-6v-18h20v13z\"\/>\n<path d=\"M19 8h3v8h-3v-8z\"\/>\n<path d=\"M13 8h3v8h-3v-8z\"\/>\n<\/svg>\n                      <\/a>\n\n    \n<\/div>\n<\/div>\n<\/div><div class=\"bde-column-606-106 bde-column\">\n  \n  \n\t\n\n\n\n<h2 class=\"bde-heading-606-113 bde-heading\">\nContact Form\n<\/h2><div class=\"bde-form-builder-606-107 bde-form-builder\">\n\n<form id=\"contact107\" class=\"breakdance-form breakdance-form--vertical\" data-options=\"{&quot;slug&quot;:&quot;custom&quot;,&quot;name&quot;:&quot;Contact&quot;,&quot;ajaxUrl&quot;:&quot;https:\\\/\\\/badroomstudio.com\\\/wp-admin\\\/admin-ajax.php&quot;,&quot;clearOnSuccess&quot;:true,&quot;hideOnSuccess&quot;:false,&quot;successMessage&quot;:&quot;Your message has been received!&quot;,&quot;errorMessage&quot;:&quot;Something went wrong&quot;,&quot;redirect&quot;:false,&quot;redirectUrl&quot;:&quot;&quot;,&quot;customJavaScript&quot;:&quot;&quot;,&quot;recaptcha&quot;:{&quot;key&quot;:&quot;&quot;,&quot;enabled&quot;:true},&quot;honeypot_enabled&quot;:false,&quot;popupsOnSuccess&quot;:[],&quot;popupsOnError&quot;:[]}\" data-steps=\"0\" >\n  \n  \n  \n<div class=\"breakdance-form-field breakdance-form-field--text\" >\n    \n    \n            <label class=\"breakdance-form-field__label\" for=\"name\">\n            Name<span class=\"breakdance-form-field__required\">*<\/span>\n        <\/label>\n    \n    <input\n    class=\"breakdance-form-field__input\"\n    id=\"name\"\n    aria-describedby=\"name\"\n    type=\"text\"\n    name=\"fields[name]\"\n    placeholder=\"\"\n    value=\"\"\n                \n        \n        \n    required\n    \n    \n    \n    \n    \n>\n\n\n    \n    \n<\/div>\n\n\n<div class=\"breakdance-form-field breakdance-form-field--email\" >\n    \n    \n            <label class=\"breakdance-form-field__label\" for=\"email\">\n            Email<span class=\"breakdance-form-field__required\">*<\/span>\n        <\/label>\n    \n    <input\n    class=\"breakdance-form-field__input\"\n    id=\"email\"\n    aria-describedby=\"email\"\n    type=\"email\"\n    name=\"fields[email]\"\n    placeholder=\"\"\n    value=\"\"\n                \n        \n        \n    required\n    \n    \n    \n    \n    \n>\n\n\n    \n    \n<\/div>\n\n\n<div class=\"breakdance-form-field breakdance-form-field--select\" >\n    \n    \n            <label class=\"breakdance-form-field__label\" for=\"type\">\n            Type<span class=\"breakdance-form-field__required\">*<\/span>\n        <\/label>\n    \n    <select\n    class=\"breakdance-form-field__input\"\n    id=\"type\"\n    name=\"fields[type]\"\n    required\n    \n        \n    \n    >\n      <option value=\"\">Select...<\/option>\n          <option value=\"Question\" >Question<\/option>\n        <option value=\"Suggestion\" >Suggestion<\/option>\n        <option value=\"Feedback\" >Feedback<\/option>\n        <option value=\"Problem\" >Problem<\/option>\n  <\/select>\n\n\n    \n    \n<\/div>\n\n\n<div class=\"breakdance-form-field breakdance-form-field--textarea\" >\n    \n    \n            <label class=\"breakdance-form-field__label\" for=\"message\">\n            Message<span class=\"breakdance-form-field__required\">*<\/span>\n        <\/label>\n    \n    <textarea\n    class=\"breakdance-form-field__input\"\n    id=\"message\"\n    aria-describedby=\"message\"\n    type=\"textarea\"\n    name=\"fields[message]\"\n        placeholder=\"\"\n    required\n    \n    \n    >\n<\/textarea>\n\n\n    \n    \n<\/div><div class=\"breakdance-form-field breakdance-form-footer\">    \n    \n    \n    \n    \n            \n            <button type=\"submit\" class=\"button-atom button-atom--primary breakdance-form-button breakdance-form-button__submit\"  >\n    \n        <span class=\"button-atom__text\">Submit<\/span>\n\n        \n        \n            <\/button>\n    \n    <input type=\"hidden\" name=\"form_id\" value=\"107\">\n    <input type=\"hidden\" name=\"post_id\" value=\"606\">\n<\/div>\n\n  \n<\/form>\n\n\n<\/div>\n<\/div><\/div><\/div>\n<\/section>","protected":false},"excerpt":{"rendered":"<p>Home Contact Here you can send a question, feedback, suggestion, or any problem you may have. If you prefer, you can use our email below or contact us through social media. contact@badroomstudio.com Our Social Networks Contact Form Name* Email* Type* Select&#8230; Question Suggestion Feedback Problem Message* Submit<\/p>","protected":false},"author":1,"featured_media":0,"parent":0,"menu_order":0,"comment_status":"closed","ping_status":"closed","template":"","meta":{"_acf_changed":false,"_oxygen_hide_in_design_set":false,"_oxygen_tags":"","footnotes":""},"class_list":["post-606","page","type-page","status-publish","hentry"],"acf":[],"yoast_head":"<!-- This site is optimized with the Yoast SEO plugin v27.6 - https:\/\/yoast.com\/product\/yoast-seo-wordpress\/ -->\n<title>Contact &#8212; Bad Room Studio<\/title>\n<meta name=\"description\" content=\"Contact us through this page. Send us a contact form directly with your feedback, questions, or suggestions.\" \/>\n<meta name=\"robots\" content=\"index, follow, max-snippet:-1, max-image-preview:large, max-video-preview:-1\" \/>\n<link rel=\"canonical\" href=\"https:\/\/badroomstudio.com\/pt\/contact\/\" \/>\n<meta property=\"og:locale\" content=\"pt_BR\" \/>\n<meta property=\"og:type\" content=\"article\" \/>\n<meta property=\"og:title\" content=\"Contact &#8212; Bad Room Studio\" \/>\n<meta property=\"og:description\" content=\"Contact us through this page. Send us a contact form directly with your feedback, questions, or suggestions.\" \/>\n<meta property=\"og:url\" content=\"https:\/\/badroomstudio.com\/pt\/contact\/\" \/>\n<meta property=\"og:site_name\" content=\"Bad Room Studio\" \/>\n<meta property=\"article:publisher\" content=\"https:\/\/www.facebook.com\/badroomoficial\" \/>\n<meta property=\"article:modified_time\" content=\"2026-01-03T17:27:24+00:00\" \/>\n<meta name=\"twitter:card\" content=\"summary_large_image\" \/>\n<meta name=\"twitter:site\" content=\"@BadRoomOficial\" \/>\n<meta name=\"twitter:label1\" content=\"Est. tempo de leitura\" \/>\n\t<meta name=\"twitter:data1\" content=\"1 minuto\" \/>\n<script type=\"application\/ld+json\" class=\"yoast-schema-graph\">{\"@context\":\"https:\\\/\\\/schema.org\",\"@graph\":[{\"@type\":[\"WebPage\",\"ContactPage\"],\"@id\":\"https:\\\/\\\/badroomstudio.com\\\/contact\\\/\",\"url\":\"https:\\\/\\\/badroomstudio.com\\\/contact\\\/\",\"name\":\"Contact &#8212; Bad Room Studio\",\"isPartOf\":{\"@id\":\"https:\\\/\\\/badroomstudio.com\\\/#website\"},\"datePublished\":\"2025-12-29T20:18:08+00:00\",\"dateModified\":\"2026-01-03T17:27:24+00:00\",\"description\":\"Contact us through this page. Send us a contact form directly with your feedback, questions, or suggestions.\",\"breadcrumb\":{\"@id\":\"https:\\\/\\\/badroomstudio.com\\\/contact\\\/#breadcrumb\"},\"inLanguage\":\"pt-BR\",\"potentialAction\":[{\"@type\":\"ReadAction\",\"target\":[\"https:\\\/\\\/badroomstudio.com\\\/contact\\\/\"]}]},{\"@type\":\"BreadcrumbList\",\"@id\":\"https:\\\/\\\/badroomstudio.com\\\/contact\\\/#breadcrumb\",\"itemListElement\":[{\"@type\":\"ListItem\",\"position\":1,\"name\":\"Home\",\"item\":\"https:\\\/\\\/badroomstudio.com\\\/\"},{\"@type\":\"ListItem\",\"position\":2,\"name\":\"Contact\"}]},{\"@type\":\"WebSite\",\"@id\":\"https:\\\/\\\/badroomstudio.com\\\/#website\",\"url\":\"https:\\\/\\\/badroomstudio.com\\\/\",\"name\":\"Bad Room Studio\",\"description\":\"Bad Room Studio emerges from the search for authenticity and the courage to create entertainment experiences that leave deep marks on the audience&#039;s memory.\",\"publisher\":{\"@id\":\"https:\\\/\\\/badroomstudio.com\\\/#organization\"},\"alternateName\":\"Bad Room\",\"potentialAction\":[{\"@type\":\"SearchAction\",\"target\":{\"@type\":\"EntryPoint\",\"urlTemplate\":\"https:\\\/\\\/badroomstudio.com\\\/?s={search_term_string}\"},\"query-input\":{\"@type\":\"PropertyValueSpecification\",\"valueRequired\":true,\"valueName\":\"search_term_string\"}}],\"inLanguage\":\"pt-BR\"},{\"@type\":\"Organization\",\"@id\":\"https:\\\/\\\/badroomstudio.com\\\/#organization\",\"name\":\"Bad Room Studio\",\"alternateName\":\"Bad Room\",\"url\":\"https:\\\/\\\/badroomstudio.com\\\/\",\"logo\":{\"@type\":\"ImageObject\",\"inLanguage\":\"pt-BR\",\"@id\":\"https:\\\/\\\/badroomstudio.com\\\/#\\\/schema\\\/logo\\\/image\\\/\",\"url\":\"https:\\\/\\\/badroomstudio.com\\\/wp-content\\\/uploads\\\/2025\\\/12\\\/cropped-favicon_100x100-1.png\",\"contentUrl\":\"https:\\\/\\\/badroomstudio.com\\\/wp-content\\\/uploads\\\/2025\\\/12\\\/cropped-favicon_100x100-1.png\",\"width\":512,\"height\":512,\"caption\":\"Bad Room Studio\"},\"image\":{\"@id\":\"https:\\\/\\\/badroomstudio.com\\\/#\\\/schema\\\/logo\\\/image\\\/\"},\"sameAs\":[\"https:\\\/\\\/www.facebook.com\\\/badroomoficial\",\"https:\\\/\\\/x.com\\\/BadRoomOficial\",\"https:\\\/\\\/www.instagram.com\\\/badroomoficial\\\/\",\"https:\\\/\\\/www.linkedin.com\\\/company\\\/badroomoficial\\\/\",\"https:\\\/\\\/www.youtube.com\\\/@BadRoomStudioOficial\"]}]}<\/script>\n<!-- \/ Yoast SEO plugin. -->","yoast_head_json":{"title":"Contact &#8212; Bad Room Studio","description":"Contact us through this page. Send us a contact form directly with your feedback, questions, or suggestions.","robots":{"index":"index","follow":"follow","max-snippet":"max-snippet:-1","max-image-preview":"max-image-preview:large","max-video-preview":"max-video-preview:-1"},"canonical":"https:\/\/badroomstudio.com\/pt\/contact\/","og_locale":"pt_BR","og_type":"article","og_title":"Contact &#8212; Bad Room Studio","og_description":"Contact us through this page. Send us a contact form directly with your feedback, questions, or suggestions.","og_url":"https:\/\/badroomstudio.com\/pt\/contact\/","og_site_name":"Bad Room Studio","article_publisher":"https:\/\/www.facebook.com\/badroomoficial","article_modified_time":"2026-01-03T17:27:24+00:00","twitter_card":"summary_large_image","twitter_site":"@BadRoomOficial","twitter_misc":{"Est. tempo de leitura":"1 minuto"},"schema":{"@context":"https:\/\/schema.org","@graph":[{"@type":["WebPage","ContactPage"],"@id":"https:\/\/badroomstudio.com\/contact\/","url":"https:\/\/badroomstudio.com\/contact\/","name":"Contact &#8212; Bad Room Studio","isPartOf":{"@id":"https:\/\/badroomstudio.com\/#website"},"datePublished":"2025-12-29T20:18:08+00:00","dateModified":"2026-01-03T17:27:24+00:00","description":"Contact us through this page. Send us a contact form directly with your feedback, questions, or suggestions.","breadcrumb":{"@id":"https:\/\/badroomstudio.com\/contact\/#breadcrumb"},"inLanguage":"pt-BR","potentialAction":[{"@type":"ReadAction","target":["https:\/\/badroomstudio.com\/contact\/"]}]},{"@type":"BreadcrumbList","@id":"https:\/\/badroomstudio.com\/contact\/#breadcrumb","itemListElement":[{"@type":"ListItem","position":1,"name":"Home","item":"https:\/\/badroomstudio.com\/"},{"@type":"ListItem","position":2,"name":"Contact"}]},{"@type":"WebSite","@id":"https:\/\/badroomstudio.com\/#website","url":"https:\/\/badroomstudio.com\/","name":"Est\u00fadio Bad Room","description":"O Bad Room Studio surge da busca pela autenticidade e da coragem de criar experi\u00eancias de entretenimento que deixem marcas profundas na mem\u00f3ria do p\u00fablico.","publisher":{"@id":"https:\/\/badroomstudio.com\/#organization"},"alternateName":"Bad Room","potentialAction":[{"@type":"SearchAction","target":{"@type":"EntryPoint","urlTemplate":"https:\/\/badroomstudio.com\/?s={search_term_string}"},"query-input":{"@type":"PropertyValueSpecification","valueRequired":true,"valueName":"search_term_string"}}],"inLanguage":"pt-BR"},{"@type":"Organization","@id":"https:\/\/badroomstudio.com\/#organization","name":"Est\u00fadio Bad Room","alternateName":"Bad Room","url":"https:\/\/badroomstudio.com\/","logo":{"@type":"ImageObject","inLanguage":"pt-BR","@id":"https:\/\/badroomstudio.com\/#\/schema\/logo\/image\/","url":"https:\/\/badroomstudio.com\/wp-content\/uploads\/2025\/12\/cropped-favicon_100x100-1.png","contentUrl":"https:\/\/badroomstudio.com\/wp-content\/uploads\/2025\/12\/cropped-favicon_100x100-1.png","width":512,"height":512,"caption":"Bad Room Studio"},"image":{"@id":"https:\/\/badroomstudio.com\/#\/schema\/logo\/image\/"},"sameAs":["https:\/\/www.facebook.com\/badroomoficial","https:\/\/x.com\/BadRoomOficial","https:\/\/www.instagram.com\/badroomoficial\/","https:\/\/www.linkedin.com\/company\/badroomoficial\/","https:\/\/www.youtube.com\/@BadRoomStudioOficial"]}]}},"_links":{"self":[{"href":"https:\/\/badroomstudio.com\/pt\/wp-json\/wp\/v2\/pages\/606","targetHints":{"allow":["GET"]}}],"collection":[{"href":"https:\/\/badroomstudio.com\/pt\/wp-json\/wp\/v2\/pages"}],"about":[{"href":"https:\/\/badroomstudio.com\/pt\/wp-json\/wp\/v2\/types\/page"}],"author":[{"embeddable":true,"href":"https:\/\/badroomstudio.com\/pt\/wp-json\/wp\/v2\/users\/1"}],"replies":[{"embeddable":true,"href":"https:\/\/badroomstudio.com\/pt\/wp-json\/wp\/v2\/comments?post=606"}],"version-history":[{"count":11,"href":"https:\/\/badroomstudio.com\/pt\/wp-json\/wp\/v2\/pages\/606\/revisions"}],"predecessor-version":[{"id":835,"href":"https:\/\/badroomstudio.com\/pt\/wp-json\/wp\/v2\/pages\/606\/revisions\/835"}],"wp:attachment":[{"href":"https:\/\/badroomstudio.com\/pt\/wp-json\/wp\/v2\/media?parent=606"}],"curies":[{"name":"wp","href":"https:\/\/api.w.org\/{rel}","templated":true}]}}