{"id":596,"date":"2025-12-29T16:40:59","date_gmt":"2025-12-29T19:40:59","guid":{"rendered":"https:\/\/badroomstudio.com\/?page_id=596"},"modified":"2026-01-03T12:29:00","modified_gmt":"2026-01-03T15:29:00","slug":"blog","status":"publish","type":"page","link":"https:\/\/badroomstudio.com\/pt\/blog\/","title":{"rendered":"Blog"},"content":{"rendered":"<section class=\"bde-section-596-103 bde-section\">\n              \n  \n  \n\t\n\n  <div class=\"section-background-overlay\"><\/div>\n\n\n        <div class=\"section-shape-divider-wrapper section-shape-divider-wrapper--1\">\n          <span class=\"section-shape-divider\">\n                      <svg\n                xmlns=\"http:\/\/www.w3.org\/2000\/svg\"\n                viewbox=\"0 0 1440 320\"\n                preserveaspectratio=\"none\"\n            >\n              <path fill=\"currentColor\" fill-opacity=\"1\" d=\"M0,288L1440,0L1440,320L0,320Z\"><\/path>\n            <\/svg>\n                    <\/span>\n      <\/div>\n  <div class=\"section-container\"><div class=\"bde-breadcrumbs-596-104 bde-breadcrumbs\"><span><span><a href=\"https:\/\/badroomstudio.com\/pt\/\">In\u00edcio<\/a><\/span><\/span><\/div><h1 class=\"bde-heading-596-105 bde-heading\">\nBlog\n<\/h1><\/div>\n<\/section><section class=\"bde-section-596-100 bde-section\">\n  \n  \n\t\n\n\n\n<div class=\"section-container\"><div class=\"bde-post-list-596-102 bde-post-list\">    <div class=\"bde-isotope-filter-bar\">\n        <div class=\"bde-tabs\">\n            \n\n        \n      <select aria-label=\"Guias de conte\u00fado\" class=\"bde-tabs__select js-tab-select\">\n              <option value=\"all\" data-value=\"all\">All<\/option>\n      \n              <option value=\"tab-isotope-1\" data-value=\"6\">\n          Announcement\n        <\/option>\n              <option value=\"tab-isotope-2\" data-value=\"13\">\n          Partnerships\n        <\/option>\n              <option value=\"tab-isotope-3\" data-value=\"11\">\n          Updates\n        <\/option>\n          <\/select>\n  \n  \n  <div class=\"bde-tabs__tabslist-container bde-tabs__tabslist-container--dropdown is-horizontal js-tabs-container\">\n    <div class=\"bde-tabs__tabslist bde-tabs__tabslist--pills js-tablist\" role=\"tablist\" aria-label=\"Guias de conte\u00fado\" aria-orientation=\"horizontal\" data-tabs-id=\"isotope\">\n              <button role=\"tab\" aria-selected=\"false\" class=\"bde-tabs__tab js-tab\" aria-controls=\"tab-panel-isotope-all\" id=\"tab-isotope-all\" data-value=\"all\">\n          <span class=\"bde-tabs__tab-title\">All<\/span>\n        <\/button>\n      \n              <button role=\"tab\" aria-selected=\"false\" class=\"bde-tabs__tab js-tab\" aria-controls=\"tab-panel-isotope-1\" id=\"tab-isotope-1\" data-value=\"6\">\n                    <span class=\"bde-tabs__tab-title\">Announcement<\/span>\n        <\/button>\n              <button role=\"tab\" aria-selected=\"false\" class=\"bde-tabs__tab js-tab\" aria-controls=\"tab-panel-isotope-2\" id=\"tab-isotope-2\" data-value=\"13\">\n                    <span class=\"bde-tabs__tab-title\">Partnerships<\/span>\n        <\/button>\n              <button role=\"tab\" aria-selected=\"false\" class=\"bde-tabs__tab js-tab\" aria-controls=\"tab-panel-isotope-3\" id=\"tab-isotope-3\" data-value=\"11\">\n                    <span class=\"bde-tabs__tab-title\">Updates<\/span>\n        <\/button>\n          <\/div>\n  <\/div>\n\n\n        <\/div>\n    <\/div>\n<div class=\"bde-loop bde-loop-list ee-posts ee-posts-list bde-loop-isotope ee-posts-isotope\">    <article class=\"bde-loop-item ee-post\" data-filters=\"6,13\">\n                                <a class=\"bde-loop-item__image-link ee-post-image-link bde-loop-item__image-left ee-posts-image-left\" href=\"https:\/\/badroomstudio.com\/pt\/announcement\/announcing-our-partnership-with-centro-universitario-de-jaguariuna-unifaj\/\" tabindex=\"-1\">\n                <div class=\"bde-loop-item__image ee-post-image\">\n                    <picture class=\"wp-picture-748\" style=\"display: contents;\"><source type=\"image\/webp\" srcset=\"https:\/\/badroomstudio.com\/wp-content\/uploads\/2026\/01\/unifaj-badroomstudio-partnership-parceria-jpg.webp 1920w, https:\/\/badroomstudio.com\/wp-content\/uploads\/2026\/01\/unifaj-badroomstudio-partnership-parceria-300x169-jpg.webp 300w, https:\/\/badroomstudio.com\/wp-content\/uploads\/2026\/01\/unifaj-badroomstudio-partnership-parceria-1024x576-jpg.webp 1024w, https:\/\/badroomstudio.com\/wp-content\/uploads\/2026\/01\/unifaj-badroomstudio-partnership-parceria-768x432-jpg.webp 768w, https:\/\/badroomstudio.com\/wp-content\/uploads\/2026\/01\/unifaj-badroomstudio-partnership-parceria-1536x864-jpg.webp 1536w\" sizes=\"(max-width: 1920px) 100vw, 1920px\"><img loading=\"lazy\" decoding=\"async\" width=\"1920\" height=\"1080\" src=\"https:\/\/badroomstudio.com\/wp-content\/uploads\/2026\/01\/unifaj-badroomstudio-partnership-parceria.jpg\" class=\"attachment-full size-full not-transparent wp-post-image\" alt=\"Announcing our partnership with Centro Universit\u00e1rio de Jaguari\u00fana &#8211; UniFAJ\" srcset=\"https:\/\/badroomstudio.com\/wp-content\/uploads\/2026\/01\/unifaj-badroomstudio-partnership-parceria.jpg 1920w, https:\/\/badroomstudio.com\/wp-content\/uploads\/2026\/01\/unifaj-badroomstudio-partnership-parceria-300x169.jpg 300w, https:\/\/badroomstudio.com\/wp-content\/uploads\/2026\/01\/unifaj-badroomstudio-partnership-parceria-1024x576.jpg 1024w, https:\/\/badroomstudio.com\/wp-content\/uploads\/2026\/01\/unifaj-badroomstudio-partnership-parceria-768x432.jpg 768w, https:\/\/badroomstudio.com\/wp-content\/uploads\/2026\/01\/unifaj-badroomstudio-partnership-parceria-1536x864.jpg 1536w, https:\/\/badroomstudio.com\/wp-content\/uploads\/2026\/01\/unifaj-badroomstudio-partnership-parceria-18x10.jpg 18w\" sizes=\"auto, (max-width: 1920px) 100vw, 1920px\" data-has-transparency=\"false\" data-dominant-color=\"cfceca\" style=\"--dominant-color: #cfceca;\" \/><\/picture>                <\/div>\n            <\/a>\n        \n        \n        <div class=\"bde-loop-item__wrap ee-post-wrap\">\n            \n                            <h3 class=\"ee-post-title\" >\n                    <a class=\"bde-loop-item__title-link ee-post-title-link\" href=\"https:\/\/badroomstudio.com\/pt\/announcement\/announcing-our-partnership-with-centro-universitario-de-jaguariuna-unifaj\/\"  >\n                        Announcing our partnership with Centro Universit\u00e1rio de Jaguari\u00fana &#8211; UniFAJ                    <\/a>\n                <\/h3>\n                            <div class=\"bde-loop-item__post-meta ee-post-meta\">\n                                                                                <span class=\"bde-loop-item__meta-date bde-loop-item__meta-item ee-post-meta-date ee-post-meta-item\">\n                                    01\/02\/2026                                <\/span>\n                                                \n                <\/div>\n            \n            \n        <\/div>\n\n    <\/article>\n\n    <article class=\"bde-loop-item ee-post\" data-filters=\"11\">\n                                <a class=\"bde-loop-item__image-link ee-post-image-link bde-loop-item__image-left ee-posts-image-left\" href=\"https:\/\/badroomstudio.com\/pt\/updates\/about-the-development-of-two-sisters\/\" tabindex=\"-1\">\n                <div class=\"bde-loop-item__image ee-post-image\">\n                    <picture class=\"wp-picture-231\" style=\"display: contents;\"><source type=\"image\/webp\" srcset=\"https:\/\/badroomstudio.com\/wp-content\/uploads\/2025\/12\/20240824124620_1-jpg.webp 2560w, https:\/\/badroomstudio.com\/wp-content\/uploads\/2025\/12\/20240824124620_1-300x169-jpg.webp 300w, https:\/\/badroomstudio.com\/wp-content\/uploads\/2025\/12\/20240824124620_1-1024x576-jpg.webp 1024w, https:\/\/badroomstudio.com\/wp-content\/uploads\/2025\/12\/20240824124620_1-768x432-jpg.webp 768w, https:\/\/badroomstudio.com\/wp-content\/uploads\/2025\/12\/20240824124620_1-1536x864-jpg.webp 1536w, https:\/\/badroomstudio.com\/wp-content\/uploads\/2025\/12\/20240824124620_1-2048x1152-jpg.webp 2048w\" sizes=\"(max-width: 2560px) 100vw, 2560px\"><img loading=\"lazy\" decoding=\"async\" width=\"2560\" height=\"1440\" src=\"https:\/\/badroomstudio.com\/wp-content\/uploads\/2025\/12\/20240824124620_1.jpg\" class=\"attachment-full size-full not-transparent wp-post-image\" alt=\"About the Development of Two Sisters\" srcset=\"https:\/\/badroomstudio.com\/wp-content\/uploads\/2025\/12\/20240824124620_1.jpg 2560w, https:\/\/badroomstudio.com\/wp-content\/uploads\/2025\/12\/20240824124620_1-300x169.jpg 300w, https:\/\/badroomstudio.com\/wp-content\/uploads\/2025\/12\/20240824124620_1-1024x576.jpg 1024w, https:\/\/badroomstudio.com\/wp-content\/uploads\/2025\/12\/20240824124620_1-768x432.jpg 768w, https:\/\/badroomstudio.com\/wp-content\/uploads\/2025\/12\/20240824124620_1-1536x864.jpg 1536w, https:\/\/badroomstudio.com\/wp-content\/uploads\/2025\/12\/20240824124620_1-2048x1152.jpg 2048w, https:\/\/badroomstudio.com\/wp-content\/uploads\/2025\/12\/20240824124620_1-18x10.jpg 18w\" sizes=\"auto, (max-width: 2560px) 100vw, 2560px\" data-has-transparency=\"false\" data-dominant-color=\"0f1011\" style=\"--dominant-color: #0f1011;\" \/><\/picture>                <\/div>\n            <\/a>\n        \n        \n        <div class=\"bde-loop-item__wrap ee-post-wrap\">\n            \n                            <h3 class=\"ee-post-title\" >\n                    <a class=\"bde-loop-item__title-link ee-post-title-link\" href=\"https:\/\/badroomstudio.com\/pt\/updates\/about-the-development-of-two-sisters\/\"  >\n                        About the Development of Two Sisters                    <\/a>\n                <\/h3>\n                            <div class=\"bde-loop-item__post-meta ee-post-meta\">\n                                                                                <span class=\"bde-loop-item__meta-date bde-loop-item__meta-item ee-post-meta-date ee-post-meta-item\">\n                                    01\/02\/2026                                <\/span>\n                                                \n                <\/div>\n            \n            \n        <\/div>\n\n    <\/article>\n\n<div class=\"bde-loop-item-gutter ee-post-gutter\"><\/div><div class=\"bde-loop-item-sizer ee-post-sizer\"><\/div><\/div><\/div><\/div>\n<\/section>","protected":false},"excerpt":{"rendered":"","protected":false},"author":1,"featured_media":0,"parent":0,"menu_order":0,"comment_status":"closed","ping_status":"closed","template":"","meta":{"_acf_changed":false,"_oxygen_hide_in_design_set":false,"_oxygen_tags":"","footnotes":""},"class_list":["post-596","page","type-page","status-publish","hentry"],"acf":[],"yoast_head":"<!-- This site is optimized with the Yoast SEO plugin v27.6 - https:\/\/yoast.com\/product\/yoast-seo-wordpress\/ -->\n<title>Blog &#8212; Bad Room Studio<\/title>\n<meta name=\"description\" content=\"All our publications, articles, and announcements. See what we have to say to the public through our official blog.\" \/>\n<meta name=\"robots\" content=\"index, follow, max-snippet:-1, max-image-preview:large, max-video-preview:-1\" \/>\n<link rel=\"canonical\" href=\"https:\/\/badroomstudio.com\/pt\/blog\/\" \/>\n<meta property=\"og:locale\" content=\"pt_BR\" \/>\n<meta property=\"og:type\" content=\"article\" \/>\n<meta property=\"og:title\" content=\"Blog &#8212; Bad Room Studio\" \/>\n<meta property=\"og:description\" content=\"All our publications, articles, and announcements. See what we have to say to the public through our official blog.\" \/>\n<meta property=\"og:url\" content=\"https:\/\/badroomstudio.com\/pt\/blog\/\" \/>\n<meta property=\"og:site_name\" content=\"Bad Room Studio\" \/>\n<meta property=\"article:publisher\" content=\"https:\/\/www.facebook.com\/badroomoficial\" \/>\n<meta property=\"article:modified_time\" content=\"2026-01-03T15:29:00+00:00\" \/>\n<meta name=\"twitter:card\" content=\"summary_large_image\" \/>\n<meta name=\"twitter:site\" content=\"@BadRoomOficial\" \/>\n<meta name=\"twitter:label1\" content=\"Est. tempo de leitura\" \/>\n\t<meta name=\"twitter:data1\" content=\"1 minuto\" \/>\n<script type=\"application\/ld+json\" class=\"yoast-schema-graph\">{\"@context\":\"https:\\\/\\\/schema.org\",\"@graph\":[{\"@type\":[\"WebPage\",\"CollectionPage\"],\"@id\":\"https:\\\/\\\/badroomstudio.com\\\/blog\\\/\",\"url\":\"https:\\\/\\\/badroomstudio.com\\\/blog\\\/\",\"name\":\"Blog &#8212; Bad Room Studio\",\"isPartOf\":{\"@id\":\"https:\\\/\\\/badroomstudio.com\\\/#website\"},\"datePublished\":\"2025-12-29T19:40:59+00:00\",\"dateModified\":\"2026-01-03T15:29:00+00:00\",\"description\":\"All our publications, articles, and announcements. See what we have to say to the public through our official blog.\",\"breadcrumb\":{\"@id\":\"https:\\\/\\\/badroomstudio.com\\\/blog\\\/#breadcrumb\"},\"inLanguage\":\"pt-BR\"},{\"@type\":\"BreadcrumbList\",\"@id\":\"https:\\\/\\\/badroomstudio.com\\\/blog\\\/#breadcrumb\",\"itemListElement\":[{\"@type\":\"ListItem\",\"position\":1,\"name\":\"Home\",\"item\":\"https:\\\/\\\/badroomstudio.com\\\/\"},{\"@type\":\"ListItem\",\"position\":2,\"name\":\"Blog\"}]},{\"@type\":\"WebSite\",\"@id\":\"https:\\\/\\\/badroomstudio.com\\\/#website\",\"url\":\"https:\\\/\\\/badroomstudio.com\\\/\",\"name\":\"Bad Room Studio\",\"description\":\"Bad Room Studio emerges from the search for authenticity and the courage to create entertainment experiences that leave deep marks on the audience&#039;s memory.\",\"publisher\":{\"@id\":\"https:\\\/\\\/badroomstudio.com\\\/#organization\"},\"alternateName\":\"Bad Room\",\"potentialAction\":[{\"@type\":\"SearchAction\",\"target\":{\"@type\":\"EntryPoint\",\"urlTemplate\":\"https:\\\/\\\/badroomstudio.com\\\/?s={search_term_string}\"},\"query-input\":{\"@type\":\"PropertyValueSpecification\",\"valueRequired\":true,\"valueName\":\"search_term_string\"}}],\"inLanguage\":\"pt-BR\"},{\"@type\":\"Organization\",\"@id\":\"https:\\\/\\\/badroomstudio.com\\\/#organization\",\"name\":\"Bad Room Studio\",\"alternateName\":\"Bad Room\",\"url\":\"https:\\\/\\\/badroomstudio.com\\\/\",\"logo\":{\"@type\":\"ImageObject\",\"inLanguage\":\"pt-BR\",\"@id\":\"https:\\\/\\\/badroomstudio.com\\\/#\\\/schema\\\/logo\\\/image\\\/\",\"url\":\"https:\\\/\\\/badroomstudio.com\\\/wp-content\\\/uploads\\\/2025\\\/12\\\/cropped-favicon_100x100-1.png\",\"contentUrl\":\"https:\\\/\\\/badroomstudio.com\\\/wp-content\\\/uploads\\\/2025\\\/12\\\/cropped-favicon_100x100-1.png\",\"width\":512,\"height\":512,\"caption\":\"Bad Room Studio\"},\"image\":{\"@id\":\"https:\\\/\\\/badroomstudio.com\\\/#\\\/schema\\\/logo\\\/image\\\/\"},\"sameAs\":[\"https:\\\/\\\/www.facebook.com\\\/badroomoficial\",\"https:\\\/\\\/x.com\\\/BadRoomOficial\",\"https:\\\/\\\/www.instagram.com\\\/badroomoficial\\\/\",\"https:\\\/\\\/www.linkedin.com\\\/company\\\/badroomoficial\\\/\",\"https:\\\/\\\/www.youtube.com\\\/@BadRoomStudioOficial\"]}]}<\/script>\n<!-- \/ Yoast SEO plugin. -->","yoast_head_json":{"title":"Blog &#8212; Bad Room Studio","description":"All our publications, articles, and announcements. See what we have to say to the public through our official blog.","robots":{"index":"index","follow":"follow","max-snippet":"max-snippet:-1","max-image-preview":"max-image-preview:large","max-video-preview":"max-video-preview:-1"},"canonical":"https:\/\/badroomstudio.com\/pt\/blog\/","og_locale":"pt_BR","og_type":"article","og_title":"Blog &#8212; Bad Room Studio","og_description":"All our publications, articles, and announcements. See what we have to say to the public through our official blog.","og_url":"https:\/\/badroomstudio.com\/pt\/blog\/","og_site_name":"Bad Room Studio","article_publisher":"https:\/\/www.facebook.com\/badroomoficial","article_modified_time":"2026-01-03T15:29:00+00:00","twitter_card":"summary_large_image","twitter_site":"@BadRoomOficial","twitter_misc":{"Est. tempo de leitura":"1 minuto"},"schema":{"@context":"https:\/\/schema.org","@graph":[{"@type":["WebPage","CollectionPage"],"@id":"https:\/\/badroomstudio.com\/blog\/","url":"https:\/\/badroomstudio.com\/blog\/","name":"Blog &#8212; Bad Room Studio","isPartOf":{"@id":"https:\/\/badroomstudio.com\/#website"},"datePublished":"2025-12-29T19:40:59+00:00","dateModified":"2026-01-03T15:29:00+00:00","description":"All our publications, articles, and announcements. See what we have to say to the public through our official blog.","breadcrumb":{"@id":"https:\/\/badroomstudio.com\/blog\/#breadcrumb"},"inLanguage":"pt-BR"},{"@type":"BreadcrumbList","@id":"https:\/\/badroomstudio.com\/blog\/#breadcrumb","itemListElement":[{"@type":"ListItem","position":1,"name":"Home","item":"https:\/\/badroomstudio.com\/"},{"@type":"ListItem","position":2,"name":"Blog"}]},{"@type":"WebSite","@id":"https:\/\/badroomstudio.com\/#website","url":"https:\/\/badroomstudio.com\/","name":"Est\u00fadio Bad Room","description":"O Bad Room Studio surge da busca pela autenticidade e da coragem de criar experi\u00eancias de entretenimento que deixem marcas profundas na mem\u00f3ria do p\u00fablico.","publisher":{"@id":"https:\/\/badroomstudio.com\/#organization"},"alternateName":"Bad Room","potentialAction":[{"@type":"SearchAction","target":{"@type":"EntryPoint","urlTemplate":"https:\/\/badroomstudio.com\/?s={search_term_string}"},"query-input":{"@type":"PropertyValueSpecification","valueRequired":true,"valueName":"search_term_string"}}],"inLanguage":"pt-BR"},{"@type":"Organization","@id":"https:\/\/badroomstudio.com\/#organization","name":"Est\u00fadio Bad Room","alternateName":"Bad Room","url":"https:\/\/badroomstudio.com\/","logo":{"@type":"ImageObject","inLanguage":"pt-BR","@id":"https:\/\/badroomstudio.com\/#\/schema\/logo\/image\/","url":"https:\/\/badroomstudio.com\/wp-content\/uploads\/2025\/12\/cropped-favicon_100x100-1.png","contentUrl":"https:\/\/badroomstudio.com\/wp-content\/uploads\/2025\/12\/cropped-favicon_100x100-1.png","width":512,"height":512,"caption":"Bad Room Studio"},"image":{"@id":"https:\/\/badroomstudio.com\/#\/schema\/logo\/image\/"},"sameAs":["https:\/\/www.facebook.com\/badroomoficial","https:\/\/x.com\/BadRoomOficial","https:\/\/www.instagram.com\/badroomoficial\/","https:\/\/www.linkedin.com\/company\/badroomoficial\/","https:\/\/www.youtube.com\/@BadRoomStudioOficial"]}]}},"_links":{"self":[{"href":"https:\/\/badroomstudio.com\/pt\/wp-json\/wp\/v2\/pages\/596","targetHints":{"allow":["GET"]}}],"collection":[{"href":"https:\/\/badroomstudio.com\/pt\/wp-json\/wp\/v2\/pages"}],"about":[{"href":"https:\/\/badroomstudio.com\/pt\/wp-json\/wp\/v2\/types\/page"}],"author":[{"embeddable":true,"href":"https:\/\/badroomstudio.com\/pt\/wp-json\/wp\/v2\/users\/1"}],"replies":[{"embeddable":true,"href":"https:\/\/badroomstudio.com\/pt\/wp-json\/wp\/v2\/comments?post=596"}],"version-history":[{"count":11,"href":"https:\/\/badroomstudio.com\/pt\/wp-json\/wp\/v2\/pages\/596\/revisions"}],"predecessor-version":[{"id":785,"href":"https:\/\/badroomstudio.com\/pt\/wp-json\/wp\/v2\/pages\/596\/revisions\/785"}],"wp:attachment":[{"href":"https:\/\/badroomstudio.com\/pt\/wp-json\/wp\/v2\/media?parent=596"}],"curies":[{"name":"wp","href":"https:\/\/api.w.org\/{rel}","templated":true}]}}