{"id":570,"date":"2025-12-29T14:55:55","date_gmt":"2025-12-29T17:55:55","guid":{"rendered":"https:\/\/badroomstudio.com\/?page_id=570"},"modified":"2026-01-03T13:32:39","modified_gmt":"2026-01-03T16:32:39","slug":"live-com-devs","status":"publish","type":"page","link":"https:\/\/badroomstudio.com\/pt\/live-com-devs\/","title":{"rendered":"Live com Devs"},"content":{"rendered":"<section class=\"bde-section-570-100 bde-section\">\n              \n  \n  \n\t\n\n  <div class=\"section-background-overlay\"><\/div>\n\n\n        <div class=\"section-shape-divider-wrapper section-shape-divider-wrapper--1\">\n          <span class=\"section-shape-divider\">\n                      <svg\n                xmlns=\"http:\/\/www.w3.org\/2000\/svg\"\n                viewbox=\"0 0 1440 320\"\n                preserveaspectratio=\"none\"\n            >\n              <path fill=\"currentColor\" fill-opacity=\"1\" d=\"M0,32L80,192L160,32L240,256L320,128L400,224L480,192L560,288L640,256L720,128L800,0L880,160L960,288L1040,32L1120,96L1200,256L1280,32L1360,160L1440,96L1440,320L1360,320L1280,320L1200,320L1120,320L1040,320L960,320L880,320L800,320L720,320L640,320L560,320L480,320L400,320L320,320L240,320L160,320L80,320L0,320Z\"><\/path>\n            <\/svg>\n                    <\/span>\n      <\/div>\n  <div class=\"section-container\"><div class=\"bde-breadcrumbs-570-116 bde-breadcrumbs\"><span><span><a href=\"https:\/\/badroomstudio.com\/pt\/\">In\u00edcio<\/a><\/span><\/span><\/div><h1 class=\"bde-heading-570-102 bde-heading\">\nLive com Devs\n<\/h1><div class=\"bde-div-570-110 bde-div\">\n  \n  \n\t\n\n\n\n<img decoding=\"async\" class=\"bde-image2-570-112 bde-image2\" src=\"https:\/\/badroomstudio.com\/wp-content\/uploads\/2025\/12\/logo_livecomdevs-1.png\" alt=\"Logo do Live com Devs\" loading=\"lazy\" srcset=\"https:\/\/badroomstudio.com\/wp-content\/uploads\/2025\/12\/logo_livecomdevs-1.png 222w, https:\/\/badroomstudio.com\/wp-content\/uploads\/2025\/12\/logo_livecomdevs-1-181x300.png 181w, https:\/\/badroomstudio.com\/wp-content\/uploads\/2025\/12\/logo_livecomdevs-1-7x12.png 7w\" sizes=\"(max-width: 222px) 100vw, 222px\"><p class=\"bde-text-570-114 bde-text\">\nWatch \"Live with Devs\" here or on our Twitch channel, our weekly live show with varied content. From behind-the-scenes footage of our game development to fun gameplay with the team, featuring different types of games and styles. Presented by Rafael Monteiro, Lucas Gaudie-Ley, Luis Felipe, and others.\n<\/p>\n<\/div><div class=\"bde-columns-570-104 bde-columns\"><div class=\"bde-column-570-105 bde-column\">\n  \n  \n\t\n\n\n\n<div class=\"bde-code-block-570-109 bde-code-block\">\n\n  <iframe loading=\"lazy\"\n  src=\"https:\/\/player.twitch.tv\/?channel=badroomstudio&parent=badroomstudio.com&muted=false\"\n  style=\"border: 0;\"\n  height=\"600px\"\n  width=\"100%\"\n  allowfullscreen>\n<\/iframe>\n\n\n<\/div>\n<\/div><div class=\"bde-column-570-106 bde-column\">\n  \n  \n\t\n\n\n\n<div class=\"bde-code-block-570-108 bde-code-block\">\n\n  <iframe src=\"https:\/\/www.twitch.tv\/embed\/badroomstudio\/chat?parent=badroomstudio.com\"\nstyle=\"border: 0;\"\nheight=\"600px\"\nwidth=\"100%\">\n<\/iframe>\n\n\n<\/div>\n<\/div><\/div><div class=\"bde-button-570-115 bde-button\">\n        \n    \n    \n    \n    \n            \n                    \n            \n            \n\n    \n    \n    \n    \n    \n    <a class=\"breakdance-link button-atom button-atom--custom button-atom--preset-943d289a-302e-4939-82b3-ea957b5e36c2 bde-button__button\" href=\"https:\/\/www.twitch.tv\/badroomstudio\" target=\"_blank\" data-type=\"url\"  >\n\n    \n        <span class=\"button-atom__text\">Watch on Twitch tv<\/span>\n\n        \n        \n                <\/a>\n\n    \n\n\n<\/div><\/div>\n<\/section>","protected":false},"excerpt":{"rendered":"<p>Home Live com Devs Watch &#8220;Live with Devs&#8221; here or on our Twitch channel, our weekly live show with varied content. From behind-the-scenes footage of our game development to fun gameplay with the team, featuring different types of games and styles. Presented by Rafael Monteiro, Lucas Gaudie-Ley, Luis Felipe, and others. Watch on Twitch tv<\/p>","protected":false},"author":1,"featured_media":0,"parent":0,"menu_order":0,"comment_status":"closed","ping_status":"closed","template":"","meta":{"_acf_changed":false,"_oxygen_hide_in_design_set":false,"_oxygen_tags":"","footnotes":""},"class_list":["post-570","page","type-page","status-publish","hentry"],"acf":[],"yoast_head":"<!-- This site is optimized with the Yoast SEO plugin v27.6 - https:\/\/yoast.com\/product\/yoast-seo-wordpress\/ -->\n<title>Live com Devs &#8212; Bad Room Studio<\/title>\n<meta name=\"description\" content=\"Watch our live show &quot;Live with Dev&quot; on Twitch TV! Check out fun live gameplay and behind-the-scenes content from our games.\" \/>\n<meta name=\"robots\" content=\"index, follow, max-snippet:-1, max-image-preview:large, max-video-preview:-1\" \/>\n<link rel=\"canonical\" href=\"https:\/\/badroomstudio.com\/pt\/live-com-devs\/\" \/>\n<meta property=\"og:locale\" content=\"pt_BR\" \/>\n<meta property=\"og:type\" content=\"article\" \/>\n<meta property=\"og:title\" content=\"Live com Devs &#8212; Bad Room Studio\" \/>\n<meta property=\"og:description\" content=\"Watch our live show &quot;Live with Dev&quot; on Twitch TV! Check out fun live gameplay and behind-the-scenes content from our games.\" \/>\n<meta property=\"og:url\" content=\"https:\/\/badroomstudio.com\/pt\/live-com-devs\/\" \/>\n<meta property=\"og:site_name\" content=\"Bad Room Studio\" \/>\n<meta property=\"article:publisher\" content=\"https:\/\/www.facebook.com\/badroomoficial\" \/>\n<meta property=\"article:modified_time\" content=\"2026-01-03T16:32:39+00:00\" \/>\n<meta name=\"twitter:card\" content=\"summary_large_image\" \/>\n<meta name=\"twitter:site\" content=\"@BadRoomOficial\" \/>\n<meta name=\"twitter:label1\" content=\"Est. tempo de leitura\" \/>\n\t<meta name=\"twitter:data1\" content=\"1 minuto\" \/>\n<script type=\"application\/ld+json\" class=\"yoast-schema-graph\">{\"@context\":\"https:\\\/\\\/schema.org\",\"@graph\":[{\"@type\":\"WebPage\",\"@id\":\"https:\\\/\\\/badroomstudio.com\\\/live-com-devs\\\/\",\"url\":\"https:\\\/\\\/badroomstudio.com\\\/live-com-devs\\\/\",\"name\":\"Live com Devs &#8212; Bad Room Studio\",\"isPartOf\":{\"@id\":\"https:\\\/\\\/badroomstudio.com\\\/#website\"},\"datePublished\":\"2025-12-29T17:55:55+00:00\",\"dateModified\":\"2026-01-03T16:32:39+00:00\",\"description\":\"Watch our live show \\\"Live with Dev\\\" on Twitch TV! Check out fun live gameplay and behind-the-scenes content from our games.\",\"breadcrumb\":{\"@id\":\"https:\\\/\\\/badroomstudio.com\\\/live-com-devs\\\/#breadcrumb\"},\"inLanguage\":\"pt-BR\",\"potentialAction\":[{\"@type\":\"ReadAction\",\"target\":[\"https:\\\/\\\/badroomstudio.com\\\/live-com-devs\\\/\"]}]},{\"@type\":\"BreadcrumbList\",\"@id\":\"https:\\\/\\\/badroomstudio.com\\\/live-com-devs\\\/#breadcrumb\",\"itemListElement\":[{\"@type\":\"ListItem\",\"position\":1,\"name\":\"Home\",\"item\":\"https:\\\/\\\/badroomstudio.com\\\/\"},{\"@type\":\"ListItem\",\"position\":2,\"name\":\"Live com Devs\"}]},{\"@type\":\"WebSite\",\"@id\":\"https:\\\/\\\/badroomstudio.com\\\/#website\",\"url\":\"https:\\\/\\\/badroomstudio.com\\\/\",\"name\":\"Bad Room Studio\",\"description\":\"Bad Room Studio emerges from the search for authenticity and the courage to create entertainment experiences that leave deep marks on the audience&#039;s memory.\",\"publisher\":{\"@id\":\"https:\\\/\\\/badroomstudio.com\\\/#organization\"},\"alternateName\":\"Bad Room\",\"potentialAction\":[{\"@type\":\"SearchAction\",\"target\":{\"@type\":\"EntryPoint\",\"urlTemplate\":\"https:\\\/\\\/badroomstudio.com\\\/?s={search_term_string}\"},\"query-input\":{\"@type\":\"PropertyValueSpecification\",\"valueRequired\":true,\"valueName\":\"search_term_string\"}}],\"inLanguage\":\"pt-BR\"},{\"@type\":\"Organization\",\"@id\":\"https:\\\/\\\/badroomstudio.com\\\/#organization\",\"name\":\"Bad Room Studio\",\"alternateName\":\"Bad Room\",\"url\":\"https:\\\/\\\/badroomstudio.com\\\/\",\"logo\":{\"@type\":\"ImageObject\",\"inLanguage\":\"pt-BR\",\"@id\":\"https:\\\/\\\/badroomstudio.com\\\/#\\\/schema\\\/logo\\\/image\\\/\",\"url\":\"https:\\\/\\\/badroomstudio.com\\\/wp-content\\\/uploads\\\/2025\\\/12\\\/cropped-favicon_100x100-1.png\",\"contentUrl\":\"https:\\\/\\\/badroomstudio.com\\\/wp-content\\\/uploads\\\/2025\\\/12\\\/cropped-favicon_100x100-1.png\",\"width\":512,\"height\":512,\"caption\":\"Bad Room Studio\"},\"image\":{\"@id\":\"https:\\\/\\\/badroomstudio.com\\\/#\\\/schema\\\/logo\\\/image\\\/\"},\"sameAs\":[\"https:\\\/\\\/www.facebook.com\\\/badroomoficial\",\"https:\\\/\\\/x.com\\\/BadRoomOficial\",\"https:\\\/\\\/www.instagram.com\\\/badroomoficial\\\/\",\"https:\\\/\\\/www.linkedin.com\\\/company\\\/badroomoficial\\\/\",\"https:\\\/\\\/www.youtube.com\\\/@BadRoomStudioOficial\"]}]}<\/script>\n<!-- \/ Yoast SEO plugin. -->","yoast_head_json":{"title":"Live com Devs &#8212; Bad Room Studio","description":"Watch our live show \"Live with Dev\" on Twitch TV! Check out fun live gameplay and behind-the-scenes content from our games.","robots":{"index":"index","follow":"follow","max-snippet":"max-snippet:-1","max-image-preview":"max-image-preview:large","max-video-preview":"max-video-preview:-1"},"canonical":"https:\/\/badroomstudio.com\/pt\/live-com-devs\/","og_locale":"pt_BR","og_type":"article","og_title":"Live com Devs &#8212; Bad Room Studio","og_description":"Watch our live show \"Live with Dev\" on Twitch TV! Check out fun live gameplay and behind-the-scenes content from our games.","og_url":"https:\/\/badroomstudio.com\/pt\/live-com-devs\/","og_site_name":"Bad Room Studio","article_publisher":"https:\/\/www.facebook.com\/badroomoficial","article_modified_time":"2026-01-03T16:32:39+00:00","twitter_card":"summary_large_image","twitter_site":"@BadRoomOficial","twitter_misc":{"Est. tempo de leitura":"1 minuto"},"schema":{"@context":"https:\/\/schema.org","@graph":[{"@type":"WebPage","@id":"https:\/\/badroomstudio.com\/live-com-devs\/","url":"https:\/\/badroomstudio.com\/live-com-devs\/","name":"Live com Devs &#8212; Bad Room Studio","isPartOf":{"@id":"https:\/\/badroomstudio.com\/#website"},"datePublished":"2025-12-29T17:55:55+00:00","dateModified":"2026-01-03T16:32:39+00:00","description":"Watch our live show \"Live with Dev\" on Twitch TV! Check out fun live gameplay and behind-the-scenes content from our games.","breadcrumb":{"@id":"https:\/\/badroomstudio.com\/live-com-devs\/#breadcrumb"},"inLanguage":"pt-BR","potentialAction":[{"@type":"ReadAction","target":["https:\/\/badroomstudio.com\/live-com-devs\/"]}]},{"@type":"BreadcrumbList","@id":"https:\/\/badroomstudio.com\/live-com-devs\/#breadcrumb","itemListElement":[{"@type":"ListItem","position":1,"name":"Home","item":"https:\/\/badroomstudio.com\/"},{"@type":"ListItem","position":2,"name":"Live com Devs"}]},{"@type":"WebSite","@id":"https:\/\/badroomstudio.com\/#website","url":"https:\/\/badroomstudio.com\/","name":"Est\u00fadio Bad Room","description":"O Bad Room Studio surge da busca pela autenticidade e da coragem de criar experi\u00eancias de entretenimento que deixem marcas profundas na mem\u00f3ria do p\u00fablico.","publisher":{"@id":"https:\/\/badroomstudio.com\/#organization"},"alternateName":"Bad Room","potentialAction":[{"@type":"SearchAction","target":{"@type":"EntryPoint","urlTemplate":"https:\/\/badroomstudio.com\/?s={search_term_string}"},"query-input":{"@type":"PropertyValueSpecification","valueRequired":true,"valueName":"search_term_string"}}],"inLanguage":"pt-BR"},{"@type":"Organization","@id":"https:\/\/badroomstudio.com\/#organization","name":"Est\u00fadio Bad Room","alternateName":"Bad Room","url":"https:\/\/badroomstudio.com\/","logo":{"@type":"ImageObject","inLanguage":"pt-BR","@id":"https:\/\/badroomstudio.com\/#\/schema\/logo\/image\/","url":"https:\/\/badroomstudio.com\/wp-content\/uploads\/2025\/12\/cropped-favicon_100x100-1.png","contentUrl":"https:\/\/badroomstudio.com\/wp-content\/uploads\/2025\/12\/cropped-favicon_100x100-1.png","width":512,"height":512,"caption":"Bad Room Studio"},"image":{"@id":"https:\/\/badroomstudio.com\/#\/schema\/logo\/image\/"},"sameAs":["https:\/\/www.facebook.com\/badroomoficial","https:\/\/x.com\/BadRoomOficial","https:\/\/www.instagram.com\/badroomoficial\/","https:\/\/www.linkedin.com\/company\/badroomoficial\/","https:\/\/www.youtube.com\/@BadRoomStudioOficial"]}]}},"_links":{"self":[{"href":"https:\/\/badroomstudio.com\/pt\/wp-json\/wp\/v2\/pages\/570","targetHints":{"allow":["GET"]}}],"collection":[{"href":"https:\/\/badroomstudio.com\/pt\/wp-json\/wp\/v2\/pages"}],"about":[{"href":"https:\/\/badroomstudio.com\/pt\/wp-json\/wp\/v2\/types\/page"}],"author":[{"embeddable":true,"href":"https:\/\/badroomstudio.com\/pt\/wp-json\/wp\/v2\/users\/1"}],"replies":[{"embeddable":true,"href":"https:\/\/badroomstudio.com\/pt\/wp-json\/wp\/v2\/comments?post=570"}],"version-history":[{"count":14,"href":"https:\/\/badroomstudio.com\/pt\/wp-json\/wp\/v2\/pages\/570\/revisions"}],"predecessor-version":[{"id":822,"href":"https:\/\/badroomstudio.com\/pt\/wp-json\/wp\/v2\/pages\/570\/revisions\/822"}],"wp:attachment":[{"href":"https:\/\/badroomstudio.com\/pt\/wp-json\/wp\/v2\/media?parent=570"}],"curies":[{"name":"wp","href":"https:\/\/api.w.org\/{rel}","templated":true}]}}