{"id":553,"date":"2025-12-29T14:22:45","date_gmt":"2025-12-29T17:22:45","guid":{"rendered":"https:\/\/badroomstudio.com\/?page_id=553"},"modified":"2026-01-03T13:09:23","modified_gmt":"2026-01-03T16:09:23","slug":"soundtracks","status":"publish","type":"page","link":"https:\/\/badroomstudio.com\/pt\/soundtracks\/","title":{"rendered":"Trilhas sonoras"},"content":{"rendered":"<section class=\"bde-section-553-100 bde-section\">\n              \n  \n  \n\t\n\n  <div class=\"section-background-overlay\"><\/div>\n\n\n        <div class=\"section-shape-divider-wrapper section-shape-divider-wrapper--1\">\n          <span class=\"section-shape-divider\">\n                      <svg\n                xmlns=\"http:\/\/www.w3.org\/2000\/svg\"\n                viewbox=\"0 0 1440 320\"\n                preserveaspectratio=\"none\"\n            >\n              <path fill=\"currentColor\" fill-opacity=\"1\" d=\"M0,288L1440,0L1440,320L0,320Z\"><\/path>\n            <\/svg>\n                    <\/span>\n      <\/div>\n  <div class=\"section-container\"><div class=\"bde-breadcrumbs-553-112 bde-breadcrumbs\"><span><span><a href=\"https:\/\/badroomstudio.com\/pt\/\">In\u00edcio<\/a><\/span><\/span><\/div><h1 class=\"bde-heading-553-102 bde-heading\">\nTrilhas sonoras\n<\/h1><\/div>\n<\/section><section class=\"bde-section-553-103 bde-section\">\n  \n  \n\t\n\n\n\n<div class=\"section-container\"><div class=\"bde-post-loop-553-104 bde-post-loop oxy-post-loop\"><div class=\"bde-loop bde-loop-list ee-posts ee-posts-list\">    <div class=\"bde-loop-item ee-post\">\n        <a class=\"bde-container-link-557-106-481-557-1 bde-container-link bde-container-link-557-106 breakdance-link\" href=\"https:\/\/badroomstudio.com\/pt\/soundtracks\/two-sisters-original-soundtrack\/\" target=\"_self\" data-type=\"url\">\n  \n  \n\t\n\n\n\n<div class=\"bde-div-557-100-481-557-1 bde-div BD-Style-Buttom bde-div-557-100\">\n  \n  \n\t\n\n\n\n<img decoding=\"async\" class=\"bde-image2-557-101-481-557-1 bde-image2 bde-image2-557-101\" src=\"https:\/\/badroomstudio.com\/wp-content\/uploads\/2025\/12\/album_ost.jpg\" alt=\"Capa do \u00c1lbum de m\u00fasica World of Sorrow do Two Sisters\" loading=\"lazy\" srcset=\"https:\/\/badroomstudio.com\/wp-content\/uploads\/2025\/12\/album_ost.jpg 2000w, https:\/\/badroomstudio.com\/wp-content\/uploads\/2025\/12\/album_ost-300x300.jpg 300w, https:\/\/badroomstudio.com\/wp-content\/uploads\/2025\/12\/album_ost-1024x1024.jpg 1024w, https:\/\/badroomstudio.com\/wp-content\/uploads\/2025\/12\/album_ost-150x150.jpg 150w, https:\/\/badroomstudio.com\/wp-content\/uploads\/2025\/12\/album_ost-768x768.jpg 768w, https:\/\/badroomstudio.com\/wp-content\/uploads\/2025\/12\/album_ost-1536x1536.jpg 1536w, https:\/\/badroomstudio.com\/wp-content\/uploads\/2025\/12\/album_ost-12x12.jpg 12w\" sizes=\"(max-width: 2000px) 100vw, 2000px\"><div class=\"bde-div-557-102-481-557-1 bde-div bde-div-557-102\">\n  \n  \n\t\n\n\n\n<h2 class=\"bde-heading-557-103-481-557-1 bde-heading bde-heading-557-103\">\nTwo Sisters: Trilha sonora original\n<\/h2><p class=\"bde-text-557-104-481-557-1 bde-text bde-text-557-104\">\nOu\u00e7a a trilha sonora sombria e melanc\u00f3lica do jogo Two Sisters. A trilha sonora, composta por Lucas Gaudie-Ley, captura perfeitamente a atmosfera que Barbara vivencia em sua jornada pelo Valley of the Cornifers.\n<\/p><div class=\"bde-button-557-105-481-557-1 bde-button bde-button-557-105\">\n        \n    \n    \n    \n    \n            \n            <button type=\"button\" class=\"button-atom button-atom--custom button-atom--preset-943d289a-302e-4939-82b3-ea957b5e36c2 bde-button__button\"  >\n    \n        <span class=\"button-atom__text\">OUVIR<\/span>\n\n        \n        \n            <\/button>\n    \n\n\n<\/div>\n<\/div>\n<\/div>\n\n<\/a>    <\/div>\n<\/div>\n<\/div><\/div>\n<\/section>","protected":false},"excerpt":{"rendered":"<p>Home Soundtracks Two Sisters: Original Soundtrack Listen to the dark and melancholic soundtrack of the game Two Sisters. The soundtrack, composed by Lucas Gaudie-Ley, perfectly captures the atmosphere Barbara experiences on her journey through the Valley of the Cornifers. LISTEN<\/p>","protected":false},"author":1,"featured_media":0,"parent":0,"menu_order":0,"comment_status":"closed","ping_status":"closed","template":"","meta":{"_acf_changed":false,"_oxygen_hide_in_design_set":false,"_oxygen_tags":"","footnotes":""},"class_list":["post-553","page","type-page","status-publish","hentry"],"acf":[],"yoast_head":"<!-- This site is optimized with the Yoast SEO plugin v27.6 - https:\/\/yoast.com\/product\/yoast-seo-wordpress\/ -->\n<title>Soundtracks &#8212; Bad Room Studio<\/title>\n<meta name=\"description\" content=\"Listen to the soundtracks from Bad Room Studio games. Find your favorite album and streaming service. It&#039;s time to enjoy great music!\" \/>\n<meta name=\"robots\" content=\"index, follow, max-snippet:-1, max-image-preview:large, max-video-preview:-1\" \/>\n<link rel=\"canonical\" href=\"https:\/\/badroomstudio.com\/pt\/soundtracks\/\" \/>\n<meta property=\"og:locale\" content=\"pt_BR\" \/>\n<meta property=\"og:type\" content=\"article\" \/>\n<meta property=\"og:title\" content=\"Soundtracks &#8212; Bad Room Studio\" \/>\n<meta property=\"og:description\" content=\"Listen to the soundtracks from Bad Room Studio games. Find your favorite album and streaming service. It&#039;s time to enjoy great music!\" \/>\n<meta property=\"og:url\" content=\"https:\/\/badroomstudio.com\/pt\/soundtracks\/\" \/>\n<meta property=\"og:site_name\" content=\"Bad Room Studio\" \/>\n<meta property=\"article:publisher\" content=\"https:\/\/www.facebook.com\/badroomoficial\" \/>\n<meta property=\"article:modified_time\" content=\"2026-01-03T16:09:23+00:00\" \/>\n<meta name=\"twitter:card\" content=\"summary_large_image\" \/>\n<meta name=\"twitter:site\" content=\"@BadRoomOficial\" \/>\n<meta name=\"twitter:label1\" content=\"Est. tempo de leitura\" \/>\n\t<meta name=\"twitter:data1\" content=\"1 minuto\" \/>\n<script type=\"application\/ld+json\" class=\"yoast-schema-graph\">{\"@context\":\"https:\\\/\\\/schema.org\",\"@graph\":[{\"@type\":[\"WebPage\",\"CollectionPage\"],\"@id\":\"https:\\\/\\\/badroomstudio.com\\\/soundtracks\\\/\",\"url\":\"https:\\\/\\\/badroomstudio.com\\\/soundtracks\\\/\",\"name\":\"Soundtracks &#8212; Bad Room Studio\",\"isPartOf\":{\"@id\":\"https:\\\/\\\/badroomstudio.com\\\/#website\"},\"datePublished\":\"2025-12-29T17:22:45+00:00\",\"dateModified\":\"2026-01-03T16:09:23+00:00\",\"description\":\"Listen to the soundtracks from Bad Room Studio games. Find your favorite album and streaming service. It's time to enjoy great music!\",\"breadcrumb\":{\"@id\":\"https:\\\/\\\/badroomstudio.com\\\/soundtracks\\\/#breadcrumb\"},\"inLanguage\":\"pt-BR\"},{\"@type\":\"BreadcrumbList\",\"@id\":\"https:\\\/\\\/badroomstudio.com\\\/soundtracks\\\/#breadcrumb\",\"itemListElement\":[{\"@type\":\"ListItem\",\"position\":1,\"name\":\"Home\",\"item\":\"https:\\\/\\\/badroomstudio.com\\\/\"},{\"@type\":\"ListItem\",\"position\":2,\"name\":\"Soundtracks\"}]},{\"@type\":\"WebSite\",\"@id\":\"https:\\\/\\\/badroomstudio.com\\\/#website\",\"url\":\"https:\\\/\\\/badroomstudio.com\\\/\",\"name\":\"Bad Room Studio\",\"description\":\"Bad Room Studio emerges from the search for authenticity and the courage to create entertainment experiences that leave deep marks on the audience&#039;s memory.\",\"publisher\":{\"@id\":\"https:\\\/\\\/badroomstudio.com\\\/#organization\"},\"alternateName\":\"Bad Room\",\"potentialAction\":[{\"@type\":\"SearchAction\",\"target\":{\"@type\":\"EntryPoint\",\"urlTemplate\":\"https:\\\/\\\/badroomstudio.com\\\/?s={search_term_string}\"},\"query-input\":{\"@type\":\"PropertyValueSpecification\",\"valueRequired\":true,\"valueName\":\"search_term_string\"}}],\"inLanguage\":\"pt-BR\"},{\"@type\":\"Organization\",\"@id\":\"https:\\\/\\\/badroomstudio.com\\\/#organization\",\"name\":\"Bad Room Studio\",\"alternateName\":\"Bad Room\",\"url\":\"https:\\\/\\\/badroomstudio.com\\\/\",\"logo\":{\"@type\":\"ImageObject\",\"inLanguage\":\"pt-BR\",\"@id\":\"https:\\\/\\\/badroomstudio.com\\\/#\\\/schema\\\/logo\\\/image\\\/\",\"url\":\"https:\\\/\\\/badroomstudio.com\\\/wp-content\\\/uploads\\\/2025\\\/12\\\/cropped-favicon_100x100-1.png\",\"contentUrl\":\"https:\\\/\\\/badroomstudio.com\\\/wp-content\\\/uploads\\\/2025\\\/12\\\/cropped-favicon_100x100-1.png\",\"width\":512,\"height\":512,\"caption\":\"Bad Room Studio\"},\"image\":{\"@id\":\"https:\\\/\\\/badroomstudio.com\\\/#\\\/schema\\\/logo\\\/image\\\/\"},\"sameAs\":[\"https:\\\/\\\/www.facebook.com\\\/badroomoficial\",\"https:\\\/\\\/x.com\\\/BadRoomOficial\",\"https:\\\/\\\/www.instagram.com\\\/badroomoficial\\\/\",\"https:\\\/\\\/www.linkedin.com\\\/company\\\/badroomoficial\\\/\",\"https:\\\/\\\/www.youtube.com\\\/@BadRoomStudioOficial\"]}]}<\/script>\n<!-- \/ Yoast SEO plugin. -->","yoast_head_json":{"title":"Soundtracks &#8212; Bad Room Studio","description":"Listen to the soundtracks from Bad Room Studio games. Find your favorite album and streaming service. It's time to enjoy great music!","robots":{"index":"index","follow":"follow","max-snippet":"max-snippet:-1","max-image-preview":"max-image-preview:large","max-video-preview":"max-video-preview:-1"},"canonical":"https:\/\/badroomstudio.com\/pt\/soundtracks\/","og_locale":"pt_BR","og_type":"article","og_title":"Soundtracks &#8212; Bad Room Studio","og_description":"Listen to the soundtracks from Bad Room Studio games. Find your favorite album and streaming service. It's time to enjoy great music!","og_url":"https:\/\/badroomstudio.com\/pt\/soundtracks\/","og_site_name":"Bad Room Studio","article_publisher":"https:\/\/www.facebook.com\/badroomoficial","article_modified_time":"2026-01-03T16:09:23+00:00","twitter_card":"summary_large_image","twitter_site":"@BadRoomOficial","twitter_misc":{"Est. tempo de leitura":"1 minuto"},"schema":{"@context":"https:\/\/schema.org","@graph":[{"@type":["WebPage","CollectionPage"],"@id":"https:\/\/badroomstudio.com\/soundtracks\/","url":"https:\/\/badroomstudio.com\/soundtracks\/","name":"Soundtracks &#8212; Bad Room Studio","isPartOf":{"@id":"https:\/\/badroomstudio.com\/#website"},"datePublished":"2025-12-29T17:22:45+00:00","dateModified":"2026-01-03T16:09:23+00:00","description":"Listen to the soundtracks from Bad Room Studio games. Find your favorite album and streaming service. It's time to enjoy great music!","breadcrumb":{"@id":"https:\/\/badroomstudio.com\/soundtracks\/#breadcrumb"},"inLanguage":"pt-BR"},{"@type":"BreadcrumbList","@id":"https:\/\/badroomstudio.com\/soundtracks\/#breadcrumb","itemListElement":[{"@type":"ListItem","position":1,"name":"Home","item":"https:\/\/badroomstudio.com\/"},{"@type":"ListItem","position":2,"name":"Soundtracks"}]},{"@type":"WebSite","@id":"https:\/\/badroomstudio.com\/#website","url":"https:\/\/badroomstudio.com\/","name":"Est\u00fadio Bad Room","description":"O Bad Room Studio surge da busca pela autenticidade e da coragem de criar experi\u00eancias de entretenimento que deixem marcas profundas na mem\u00f3ria do p\u00fablico.","publisher":{"@id":"https:\/\/badroomstudio.com\/#organization"},"alternateName":"Bad Room","potentialAction":[{"@type":"SearchAction","target":{"@type":"EntryPoint","urlTemplate":"https:\/\/badroomstudio.com\/?s={search_term_string}"},"query-input":{"@type":"PropertyValueSpecification","valueRequired":true,"valueName":"search_term_string"}}],"inLanguage":"pt-BR"},{"@type":"Organization","@id":"https:\/\/badroomstudio.com\/#organization","name":"Est\u00fadio Bad Room","alternateName":"Bad Room","url":"https:\/\/badroomstudio.com\/","logo":{"@type":"ImageObject","inLanguage":"pt-BR","@id":"https:\/\/badroomstudio.com\/#\/schema\/logo\/image\/","url":"https:\/\/badroomstudio.com\/wp-content\/uploads\/2025\/12\/cropped-favicon_100x100-1.png","contentUrl":"https:\/\/badroomstudio.com\/wp-content\/uploads\/2025\/12\/cropped-favicon_100x100-1.png","width":512,"height":512,"caption":"Bad Room Studio"},"image":{"@id":"https:\/\/badroomstudio.com\/#\/schema\/logo\/image\/"},"sameAs":["https:\/\/www.facebook.com\/badroomoficial","https:\/\/x.com\/BadRoomOficial","https:\/\/www.instagram.com\/badroomoficial\/","https:\/\/www.linkedin.com\/company\/badroomoficial\/","https:\/\/www.youtube.com\/@BadRoomStudioOficial"]}]}},"_links":{"self":[{"href":"https:\/\/badroomstudio.com\/pt\/wp-json\/wp\/v2\/pages\/553","targetHints":{"allow":["GET"]}}],"collection":[{"href":"https:\/\/badroomstudio.com\/pt\/wp-json\/wp\/v2\/pages"}],"about":[{"href":"https:\/\/badroomstudio.com\/pt\/wp-json\/wp\/v2\/types\/page"}],"author":[{"embeddable":true,"href":"https:\/\/badroomstudio.com\/pt\/wp-json\/wp\/v2\/users\/1"}],"replies":[{"embeddable":true,"href":"https:\/\/badroomstudio.com\/pt\/wp-json\/wp\/v2\/comments?post=553"}],"version-history":[{"count":11,"href":"https:\/\/badroomstudio.com\/pt\/wp-json\/wp\/v2\/pages\/553\/revisions"}],"predecessor-version":[{"id":800,"href":"https:\/\/badroomstudio.com\/pt\/wp-json\/wp\/v2\/pages\/553\/revisions\/800"}],"wp:attachment":[{"href":"https:\/\/badroomstudio.com\/pt\/wp-json\/wp\/v2\/media?parent=553"}],"curies":[{"name":"wp","href":"https:\/\/api.w.org\/{rel}","templated":true}]}}