{"id":331,"date":"2025-12-26T12:48:49","date_gmt":"2025-12-26T15:48:49","guid":{"rendered":"https:\/\/badroomstudio.com\/?page_id=331"},"modified":"2026-01-03T14:23:10","modified_gmt":"2026-01-03T17:23:10","slug":"games","status":"publish","type":"page","link":"https:\/\/badroomstudio.com\/pt\/games\/","title":{"rendered":"Jogos"},"content":{"rendered":"<section class=\"bde-section-331-112 bde-section\">\n              \n  \n  \n\t\n  <div class=\"breakdance-swiper-wrapper section-background-slideshow\">\n    <div class=\"swiper\">\n      <!-- Additional required wrapper -->\n      <div class=\"swiper-wrapper\">\n        <!-- Slides -->\n                  <div class=\"swiper-slide\">\n            <div class=\"swiper-slide-item\" style=\"background-image: url(https:\/\/badroomstudio.com\/wp-content\/uploads\/2025\/12\/asduasirmas_screenshot.png);\"><\/div>\n          <\/div>\n                  <div class=\"swiper-slide\">\n            <div class=\"swiper-slide-item\" style=\"background-image: url(https:\/\/badroomstudio.com\/wp-content\/uploads\/2025\/12\/Captura-de-tela-2025-06-26-230734.jpg);\"><\/div>\n          <\/div>\n                  <div class=\"swiper-slide\">\n            <div class=\"swiper-slide-item\" style=\"background-image: url(https:\/\/badroomstudio.com\/wp-content\/uploads\/2025\/12\/Captura-de-tela-2025-06-20-181553-scaled.jpg);\"><\/div>\n          <\/div>\n                  <div class=\"swiper-slide\">\n            <div class=\"swiper-slide-item\" style=\"background-image: url(https:\/\/badroomstudio.com\/wp-content\/uploads\/2025\/12\/cenario2.png);\"><\/div>\n          <\/div>\n                  <div class=\"swiper-slide\">\n            <div class=\"swiper-slide-item\" style=\"background-image: url(https:\/\/badroomstudio.com\/wp-content\/uploads\/2025\/12\/beta2.png);\"><\/div>\n          <\/div>\n                  <div class=\"swiper-slide\">\n            <div class=\"swiper-slide-item\" style=\"background-image: url(https:\/\/badroomstudio.com\/wp-content\/uploads\/2025\/12\/newscreenshot.png);\"><\/div>\n          <\/div>\n                  <div class=\"swiper-slide\">\n            <div class=\"swiper-slide-item\" style=\"background-image: url(https:\/\/badroomstudio.com\/wp-content\/uploads\/2025\/12\/20240824125724_1.jpg);\"><\/div>\n          <\/div>\n                  <div class=\"swiper-slide\">\n            <div class=\"swiper-slide-item\" style=\"background-image: url(https:\/\/badroomstudio.com\/wp-content\/uploads\/2025\/12\/20240824130018_1.jpg);\"><\/div>\n          <\/div>\n                  <div class=\"swiper-slide\">\n            <div class=\"swiper-slide-item\" style=\"background-image: url(https:\/\/badroomstudio.com\/wp-content\/uploads\/2025\/12\/20240824130242_1.jpg);\"><\/div>\n          <\/div>\n                  <div class=\"swiper-slide\">\n            <div class=\"swiper-slide-item\" style=\"background-image: url(https:\/\/badroomstudio.com\/wp-content\/uploads\/2025\/12\/20240824124620_1.jpg);\"><\/div>\n          <\/div>\n                  <div class=\"swiper-slide\">\n            <div class=\"swiper-slide-item\" style=\"background-image: url(https:\/\/badroomstudio.com\/wp-content\/uploads\/2025\/12\/20240824124818_1.jpg);\"><\/div>\n          <\/div>\n                  <div class=\"swiper-slide\">\n            <div class=\"swiper-slide-item\" style=\"background-image: url(https:\/\/badroomstudio.com\/wp-content\/uploads\/2025\/12\/asduasirmas_screenshot.png);\"><\/div>\n          <\/div>\n              <\/div>\n    <\/div>\n  <\/div>\n\n  <div class=\"section-background-overlay\"><\/div>\n\n\n        <div class=\"section-shape-divider-wrapper section-shape-divider-wrapper--1\">\n          <span class=\"section-shape-divider\">\n                      <svg\n                xmlns=\"http:\/\/www.w3.org\/2000\/svg\"\n                viewbox=\"0 0 1440 320\"\n                preserveaspectratio=\"none\"\n            >\n              <path fill=\"currentColor\" fill-opacity=\"1\" d=\"M0,288L1440,0L1440,320L0,320Z\"><\/path>\n            <\/svg>\n                    <\/span>\n      <\/div>\n  <div class=\"section-container\"><div class=\"bde-breadcrumbs-331-113 bde-breadcrumbs\"><span><span><a href=\"https:\/\/badroomstudio.com\/pt\/\">In\u00edcio<\/a><\/span><\/span><\/div><h1 class=\"bde-heading-331-114 bde-heading\">\nJogos\n<\/h1><\/div>\n<\/section><section class=\"bde-section-331-102 bde-section\">\n  \n  \n\t\n\n\n\n<div class=\"section-container\"><div class=\"bde-post-loop-331-104 bde-post-loop oxy-post-loop\"><div class=\"bde-loop bde-loop-grid ee-posts ee-posts-grid\">    <div class=\"bde-loop-item ee-post\">\n        <style>.breakdance .bde-container-link-333-105-351-333-1{background-color:var(--bde-palette-color-1-717297e3-d469-4493-9f33-2275b54bcb0b);background-image:url(https:\/\/badroomstudio.com\/wp-content\/uploads\/2025\/12\/Wallpaper_twosister-1.jpg);background-size:cover;background-repeat:no-repeat;background-position:center center}.breakdance .bde-container-link-333-105-351-333-1>*{z-index:1}.breakdance .bde-container-link-333-105-351-333-1>.section-background-overlay{z-index:0}.breakdance .bde-container-link-333-105-351-333-1>.section-background-overlay{background:linear-gradient(0deg,rgba(0,0,0,0.91) 0%,rgba(0,0,0,0) 100%)}.breakdance .bde-container-link-333-105-351-333-1{overflow:hidden}.breakdance .bde-container-link-333-105-351-333-1>.section-background-overlay{opacity:1}@media (max-width:1119px){.breakdance .bde-container-link-333-105-351-333-1{overflow:hidden}}@media (max-width:1023px){.breakdance .bde-container-link-333-105-351-333-1{overflow:hidden}}@media (max-width:767px){.breakdance .bde-container-link-333-105-351-333-1{overflow:hidden}}@media (max-width:479px){.breakdance .bde-container-link-333-105-351-333-1{overflow:hidden}}<\/style><a class=\"bde-container-link-333-105-351-333-1 bde-container-link BD-Game-Card bde-container-link-333-105 breakdance-link\" href=\"https:\/\/badroomstudio.com\/pt\/games\/two-sisters\/\" target=\"_self\" data-type=\"url\" data-bde-lazy-bg=\"waiting\" data-entrance=\"zoomIn\">\n              \n  \n        \n    \n\t\n\n  <div class=\"section-background-overlay\"><\/div>\n\n\n<img decoding=\"async\" class=\"bde-image2-333-102-351-333-1 bde-image2 bde-image2-333-102\" src=\"https:\/\/badroomstudio.com\/wp-content\/uploads\/2025\/12\/logo_two_sisters_branco-768x127.png\" alt=\"Logo do Two Sisters\" loading=\"lazy\" srcset=\"https:\/\/badroomstudio.com\/wp-content\/uploads\/2025\/12\/logo_two_sisters_branco-768x127.png 768w, https:\/\/badroomstudio.com\/wp-content\/uploads\/2025\/12\/logo_two_sisters_branco-300x50.png 300w, https:\/\/badroomstudio.com\/wp-content\/uploads\/2025\/12\/logo_two_sisters_branco-1024x170.png 1024w\" sizes=\"(max-width: 768px) 100vw, 768px\"><div class=\"bde-text-333-104-351-333-1 bde-text bde-text-333-104\">\nB\u00e1rbara exp\u00f4s o que n\u00e3o deveria.\n<\/div>\n\n<\/a>    <\/div>\n    <div class=\"bde-loop-item ee-post\">\n        <style>.breakdance .bde-container-link-333-105-352-333-1{background-color:var(--bde-palette-color-1-717297e3-d469-4493-9f33-2275b54bcb0b);background-image:url(https:\/\/badroomstudio.com\/wp-content\/uploads\/2025\/12\/asduasirmas_screenshot.png);background-size:cover;background-repeat:no-repeat;background-position:center center}.breakdance .bde-container-link-333-105-352-333-1>*{z-index:1}.breakdance .bde-container-link-333-105-352-333-1>.section-background-overlay{z-index:0}.breakdance .bde-container-link-333-105-352-333-1>.section-background-overlay{background:linear-gradient(0deg,rgba(0,0,0,0.91) 0%,rgba(0,0,0,0) 100%)}.breakdance .bde-container-link-333-105-352-333-1{overflow:hidden}.breakdance .bde-container-link-333-105-352-333-1>.section-background-overlay{opacity:1}@media (max-width:1119px){.breakdance .bde-container-link-333-105-352-333-1{overflow:hidden}}@media (max-width:1023px){.breakdance .bde-container-link-333-105-352-333-1{overflow:hidden}}@media (max-width:767px){.breakdance .bde-container-link-333-105-352-333-1{overflow:hidden}}@media (max-width:479px){.breakdance .bde-container-link-333-105-352-333-1{overflow:hidden}}<\/style><a class=\"bde-container-link-333-105-352-333-1 bde-container-link BD-Game-Card bde-container-link-333-105 breakdance-link\" href=\"https:\/\/badroomstudio.com\/pt\/games\/as-duas-irmas\/\" target=\"_self\" data-type=\"url\" data-bde-lazy-bg=\"waiting\" data-entrance=\"zoomIn\">\n              \n  \n        \n    \n\t\n\n  <div class=\"section-background-overlay\"><\/div>\n\n\n<img decoding=\"async\" class=\"bde-image2-333-102-352-333-1 bde-image2 bde-image2-333-102\" src=\"https:\/\/badroomstudio.com\/wp-content\/uploads\/2025\/12\/logo-duas-irmas-logo-768x125.png\" alt=\"Logo do jogo As Duas Irm\u00e3s\" loading=\"lazy\" srcset=\"https:\/\/badroomstudio.com\/wp-content\/uploads\/2025\/12\/logo-duas-irmas-logo-768x125.png 768w, https:\/\/badroomstudio.com\/wp-content\/uploads\/2025\/12\/logo-duas-irmas-logo-300x49.png 300w\" sizes=\"(max-width: 768px) 100vw, 768px\"><div class=\"bde-text-333-104-352-333-1 bde-text bde-text-333-104\">\nOur first game. Where it all began!\n<\/div>\n\n<\/a>    <\/div>\n    <div class=\"bde-loop-item ee-post\">\n        <style>.breakdance .bde-container-link-333-105-358-333-1{background-color:var(--bde-palette-color-1-717297e3-d469-4493-9f33-2275b54bcb0b);background-image:url(https:\/\/badroomstudio.com\/wp-content\/uploads\/2025\/12\/1color_background-scaled.jpg);background-size:cover;background-repeat:no-repeat;background-position:center center}.breakdance .bde-container-link-333-105-358-333-1>*{z-index:1}.breakdance .bde-container-link-333-105-358-333-1>.section-background-overlay{z-index:0}.breakdance .bde-container-link-333-105-358-333-1>.section-background-overlay{background:linear-gradient(0deg,rgba(0,0,0,0.91) 0%,rgba(0,0,0,0) 100%)}.breakdance .bde-container-link-333-105-358-333-1{overflow:hidden}.breakdance .bde-container-link-333-105-358-333-1>.section-background-overlay{opacity:1}@media (max-width:1119px){.breakdance .bde-container-link-333-105-358-333-1{overflow:hidden}}@media (max-width:1023px){.breakdance .bde-container-link-333-105-358-333-1{overflow:hidden}}@media (max-width:767px){.breakdance .bde-container-link-333-105-358-333-1{overflow:hidden}}@media (max-width:479px){.breakdance .bde-container-link-333-105-358-333-1{overflow:hidden}}<\/style><a class=\"bde-container-link-333-105-358-333-1 bde-container-link BD-Game-Card bde-container-link-333-105 breakdance-link\" href=\"https:\/\/badroomstudio.com\/pt\/games\/1color\/\" target=\"_self\" data-type=\"url\" data-bde-lazy-bg=\"waiting\" data-entrance=\"zoomIn\">\n              \n  \n        \n    \n\t\n\n  <div class=\"section-background-overlay\"><\/div>\n\n\n<img decoding=\"async\" class=\"bde-image2-333-102-358-333-1 bde-image2 bde-image2-333-102\" src=\"https:\/\/badroomstudio.com\/wp-content\/uploads\/2025\/12\/Logo1Color_white-768x164.png\" alt=\"Logo do 1Color\" loading=\"lazy\" srcset=\"https:\/\/badroomstudio.com\/wp-content\/uploads\/2025\/12\/Logo1Color_white-768x164.png 768w, https:\/\/badroomstudio.com\/wp-content\/uploads\/2025\/12\/Logo1Color_white-300x64.png 300w, https:\/\/badroomstudio.com\/wp-content\/uploads\/2025\/12\/Logo1Color_white-1024x219.png 1024w\" sizes=\"(max-width: 768px) 100vw, 768px\"><div class=\"bde-text-333-104-358-333-1 bde-text bde-text-333-104\">\nOne color is all you need to find.\n<\/div>\n\n<\/a>    <\/div>\n<\/div>\n<\/div><\/div>\n<\/section>","protected":false},"excerpt":{"rendered":"<p>Home Games B\u00e1rbara exposed what she shouldn&#8217;t have. Our first game. Where it all began! One color is all you need to find.<\/p>","protected":false},"author":1,"featured_media":0,"parent":0,"menu_order":0,"comment_status":"closed","ping_status":"closed","template":"","meta":{"_acf_changed":false,"_oxygen_hide_in_design_set":false,"_oxygen_tags":"","footnotes":""},"class_list":["post-331","page","type-page","status-publish","hentry"],"acf":[],"yoast_head":"<!-- This site is optimized with the Yoast SEO plugin v27.6 - https:\/\/yoast.com\/product\/yoast-seo-wordpress\/ -->\n<title>Games &#8212; Bad Room Studio<\/title>\n<meta name=\"description\" content=\"Explore our portfolio of games developed or in development.\" \/>\n<meta name=\"robots\" content=\"index, follow, max-snippet:-1, max-image-preview:large, max-video-preview:-1\" \/>\n<link rel=\"canonical\" href=\"https:\/\/badroomstudio.com\/pt\/games\/\" \/>\n<meta property=\"og:locale\" content=\"pt_BR\" \/>\n<meta property=\"og:type\" content=\"article\" \/>\n<meta property=\"og:title\" content=\"Games &#8212; Bad Room Studio\" \/>\n<meta property=\"og:description\" content=\"Explore our portfolio of games developed or in development.\" \/>\n<meta property=\"og:url\" content=\"https:\/\/badroomstudio.com\/pt\/games\/\" \/>\n<meta property=\"og:site_name\" content=\"Bad Room Studio\" \/>\n<meta property=\"article:publisher\" content=\"https:\/\/www.facebook.com\/badroomoficial\" \/>\n<meta property=\"article:modified_time\" content=\"2026-01-03T17:23:10+00:00\" \/>\n<meta name=\"twitter:card\" content=\"summary_large_image\" \/>\n<meta name=\"twitter:site\" content=\"@BadRoomOficial\" \/>\n<meta name=\"twitter:label1\" content=\"Est. tempo de leitura\" \/>\n\t<meta name=\"twitter:data1\" content=\"1 minuto\" \/>\n<script type=\"application\/ld+json\" class=\"yoast-schema-graph\">{\"@context\":\"https:\\\/\\\/schema.org\",\"@graph\":[{\"@type\":[\"WebPage\",\"CollectionPage\"],\"@id\":\"https:\\\/\\\/badroomstudio.com\\\/games\\\/\",\"url\":\"https:\\\/\\\/badroomstudio.com\\\/games\\\/\",\"name\":\"Games &#8212; Bad Room Studio\",\"isPartOf\":{\"@id\":\"https:\\\/\\\/badroomstudio.com\\\/#website\"},\"datePublished\":\"2025-12-26T15:48:49+00:00\",\"dateModified\":\"2026-01-03T17:23:10+00:00\",\"description\":\"Explore our portfolio of games developed or in development.\",\"breadcrumb\":{\"@id\":\"https:\\\/\\\/badroomstudio.com\\\/games\\\/#breadcrumb\"},\"inLanguage\":\"pt-BR\"},{\"@type\":\"BreadcrumbList\",\"@id\":\"https:\\\/\\\/badroomstudio.com\\\/games\\\/#breadcrumb\",\"itemListElement\":[{\"@type\":\"ListItem\",\"position\":1,\"name\":\"Home\",\"item\":\"https:\\\/\\\/badroomstudio.com\\\/\"},{\"@type\":\"ListItem\",\"position\":2,\"name\":\"Games\"}]},{\"@type\":\"WebSite\",\"@id\":\"https:\\\/\\\/badroomstudio.com\\\/#website\",\"url\":\"https:\\\/\\\/badroomstudio.com\\\/\",\"name\":\"Bad Room Studio\",\"description\":\"Bad Room Studio emerges from the search for authenticity and the courage to create entertainment experiences that leave deep marks on the audience&#039;s memory.\",\"publisher\":{\"@id\":\"https:\\\/\\\/badroomstudio.com\\\/#organization\"},\"alternateName\":\"Bad Room\",\"potentialAction\":[{\"@type\":\"SearchAction\",\"target\":{\"@type\":\"EntryPoint\",\"urlTemplate\":\"https:\\\/\\\/badroomstudio.com\\\/?s={search_term_string}\"},\"query-input\":{\"@type\":\"PropertyValueSpecification\",\"valueRequired\":true,\"valueName\":\"search_term_string\"}}],\"inLanguage\":\"pt-BR\"},{\"@type\":\"Organization\",\"@id\":\"https:\\\/\\\/badroomstudio.com\\\/#organization\",\"name\":\"Bad Room Studio\",\"alternateName\":\"Bad Room\",\"url\":\"https:\\\/\\\/badroomstudio.com\\\/\",\"logo\":{\"@type\":\"ImageObject\",\"inLanguage\":\"pt-BR\",\"@id\":\"https:\\\/\\\/badroomstudio.com\\\/#\\\/schema\\\/logo\\\/image\\\/\",\"url\":\"https:\\\/\\\/badroomstudio.com\\\/wp-content\\\/uploads\\\/2025\\\/12\\\/cropped-favicon_100x100-1.png\",\"contentUrl\":\"https:\\\/\\\/badroomstudio.com\\\/wp-content\\\/uploads\\\/2025\\\/12\\\/cropped-favicon_100x100-1.png\",\"width\":512,\"height\":512,\"caption\":\"Bad Room Studio\"},\"image\":{\"@id\":\"https:\\\/\\\/badroomstudio.com\\\/#\\\/schema\\\/logo\\\/image\\\/\"},\"sameAs\":[\"https:\\\/\\\/www.facebook.com\\\/badroomoficial\",\"https:\\\/\\\/x.com\\\/BadRoomOficial\",\"https:\\\/\\\/www.instagram.com\\\/badroomoficial\\\/\",\"https:\\\/\\\/www.linkedin.com\\\/company\\\/badroomoficial\\\/\",\"https:\\\/\\\/www.youtube.com\\\/@BadRoomStudioOficial\"]}]}<\/script>\n<!-- \/ Yoast SEO plugin. -->","yoast_head_json":{"title":"Games &#8212; Bad Room Studio","description":"Explore our portfolio of games developed or in development.","robots":{"index":"index","follow":"follow","max-snippet":"max-snippet:-1","max-image-preview":"max-image-preview:large","max-video-preview":"max-video-preview:-1"},"canonical":"https:\/\/badroomstudio.com\/pt\/games\/","og_locale":"pt_BR","og_type":"article","og_title":"Games &#8212; Bad Room Studio","og_description":"Explore our portfolio of games developed or in development.","og_url":"https:\/\/badroomstudio.com\/pt\/games\/","og_site_name":"Bad Room Studio","article_publisher":"https:\/\/www.facebook.com\/badroomoficial","article_modified_time":"2026-01-03T17:23:10+00:00","twitter_card":"summary_large_image","twitter_site":"@BadRoomOficial","twitter_misc":{"Est. tempo de leitura":"1 minuto"},"schema":{"@context":"https:\/\/schema.org","@graph":[{"@type":["WebPage","CollectionPage"],"@id":"https:\/\/badroomstudio.com\/games\/","url":"https:\/\/badroomstudio.com\/games\/","name":"Games &#8212; Bad Room Studio","isPartOf":{"@id":"https:\/\/badroomstudio.com\/#website"},"datePublished":"2025-12-26T15:48:49+00:00","dateModified":"2026-01-03T17:23:10+00:00","description":"Explore our portfolio of games developed or in development.","breadcrumb":{"@id":"https:\/\/badroomstudio.com\/games\/#breadcrumb"},"inLanguage":"pt-BR"},{"@type":"BreadcrumbList","@id":"https:\/\/badroomstudio.com\/games\/#breadcrumb","itemListElement":[{"@type":"ListItem","position":1,"name":"Home","item":"https:\/\/badroomstudio.com\/"},{"@type":"ListItem","position":2,"name":"Games"}]},{"@type":"WebSite","@id":"https:\/\/badroomstudio.com\/#website","url":"https:\/\/badroomstudio.com\/","name":"Est\u00fadio Bad Room","description":"O Bad Room Studio surge da busca pela autenticidade e da coragem de criar experi\u00eancias de entretenimento que deixem marcas profundas na mem\u00f3ria do p\u00fablico.","publisher":{"@id":"https:\/\/badroomstudio.com\/#organization"},"alternateName":"Bad Room","potentialAction":[{"@type":"SearchAction","target":{"@type":"EntryPoint","urlTemplate":"https:\/\/badroomstudio.com\/?s={search_term_string}"},"query-input":{"@type":"PropertyValueSpecification","valueRequired":true,"valueName":"search_term_string"}}],"inLanguage":"pt-BR"},{"@type":"Organization","@id":"https:\/\/badroomstudio.com\/#organization","name":"Est\u00fadio Bad Room","alternateName":"Bad Room","url":"https:\/\/badroomstudio.com\/","logo":{"@type":"ImageObject","inLanguage":"pt-BR","@id":"https:\/\/badroomstudio.com\/#\/schema\/logo\/image\/","url":"https:\/\/badroomstudio.com\/wp-content\/uploads\/2025\/12\/cropped-favicon_100x100-1.png","contentUrl":"https:\/\/badroomstudio.com\/wp-content\/uploads\/2025\/12\/cropped-favicon_100x100-1.png","width":512,"height":512,"caption":"Bad Room Studio"},"image":{"@id":"https:\/\/badroomstudio.com\/#\/schema\/logo\/image\/"},"sameAs":["https:\/\/www.facebook.com\/badroomoficial","https:\/\/x.com\/BadRoomOficial","https:\/\/www.instagram.com\/badroomoficial\/","https:\/\/www.linkedin.com\/company\/badroomoficial\/","https:\/\/www.youtube.com\/@BadRoomStudioOficial"]}]}},"_links":{"self":[{"href":"https:\/\/badroomstudio.com\/pt\/wp-json\/wp\/v2\/pages\/331","targetHints":{"allow":["GET"]}}],"collection":[{"href":"https:\/\/badroomstudio.com\/pt\/wp-json\/wp\/v2\/pages"}],"about":[{"href":"https:\/\/badroomstudio.com\/pt\/wp-json\/wp\/v2\/types\/page"}],"author":[{"embeddable":true,"href":"https:\/\/badroomstudio.com\/pt\/wp-json\/wp\/v2\/users\/1"}],"replies":[{"embeddable":true,"href":"https:\/\/badroomstudio.com\/pt\/wp-json\/wp\/v2\/comments?post=331"}],"version-history":[{"count":18,"href":"https:\/\/badroomstudio.com\/pt\/wp-json\/wp\/v2\/pages\/331\/revisions"}],"predecessor-version":[{"id":778,"href":"https:\/\/badroomstudio.com\/pt\/wp-json\/wp\/v2\/pages\/331\/revisions\/778"}],"wp:attachment":[{"href":"https:\/\/badroomstudio.com\/pt\/wp-json\/wp\/v2\/media?parent=331"}],"curies":[{"name":"wp","href":"https:\/\/api.w.org\/{rel}","templated":true}]}}